{"id":65,"date":"2026-04-12T17:04:17","date_gmt":"2026-04-12T15:04:17","guid":{"rendered":"https:\/\/aidotic.fr\/index.php\/a-propos-2\/"},"modified":"2026-05-05T13:05:25","modified_gmt":"2026-05-05T11:05:25","slug":"a-propos-2","status":"publish","type":"page","link":"https:\/\/aidotic.fr\/index.php\/a-propos-2\/","title":{"rendered":"\u00c0 PROPOS"},"content":{"rendered":"<div class=\"et_pb_section_0 et_pb_section et_section_regular et_block_section et_animated\">\n<div class=\"et_pb_row_0 et_pb_row et_flex_row et_animated\">\n<div class=\"et_pb_column_0 et_pb_column et-last-child et_block_column et_pb_css_mix_blend_mode_passthrough et_flex_column_24_24 et_flex_column_24_24_tablet et_flex_column_24_24_phone\">\n<div class=\"et_pb_text_0 et_pb_text et_pb_bg_layout_dark et_animated et_pb_module et_block_module\"><div class=\"et_pb_text_inner\" data-et-mv-hidden-phone=\"true\"><h1>a propos de nous<\/h1>\n<\/div><\/div>\n\n<div class=\"et_pb_divider_0 et_pb_divider et_pb_space et_pb_divider_position_top et_animated et_pb_module\"><div class=\"et_pb_divider_internal\"><\/div><\/div>\n<\/div>\n<\/div>\n<\/div>\n\n<div class=\"et_pb_section_1 et_pb_section et_section_regular et_block_section et_animated\">\n<div class=\"et_pb_row_1 et_pb_row et_pb_gutters2 et_block_row\">\n<div class=\"et_pb_column_1 et_pb_column et_pb_column_2_3 et_block_column et_pb_css_mix_blend_mode_passthrough\">\n<div class=\"et_pb_text_1 et_pb_text et_pb_bg_layout_dark et_pb_bg_layout_dark_phone et_animated et_pb_module et_flex_module\"><div class=\"et_pb_text_inner\" data-et-mv-hidden-tablet=\"true\" data-et-mv-hidden-phone=\"true\"><h2>AID\u2019O TIC<\/h2>\n<h3> est n\u00e9e d\u2019un constat simple<\/h3>\n<p><strong>Une approche fond\u00e9e sur l\u2019exp\u00e9rience et la confiance.<\/strong><\/p>\n<p>De nombreux professionnels et particuliers rencontrent aujourd\u2019hui des difficult\u00e9s face \u00e0 la complexit\u00e9 administrative et num\u00e9rique.<\/p>\n<p>Notre objectif est de proposer <strong>un accompagnement clair, accessible et structurant.<\/strong><\/p>\n<p><\/span><\/p>\n<\/div>\n<div class=\"et_pb_image_0 et_pb_image et_animated et_pb_module et_flex_module\"><span class=\"et_pb_image_wrap\"><img loading=\"lazy\" decoding=\"async\" src=\"https:\/\/aidotic.fr\/wp-content\/uploads\/2026\/04\/cropped-Logo-AIDO-TIC@2x.png\" title=\"cropped-Logo-AIDO-TIC@2x.png\" width=\"512\" height=\"512\" srcset=\"https:\/\/aidotic.fr\/wp-content\/uploads\/2026\/04\/cropped-Logo-AIDO-TIC@2x.png 512w, https:\/\/aidotic.fr\/wp-content\/uploads\/2026\/04\/cropped-Logo-AIDO-TIC@2x-480x480.png 480w\" sizes=\"(min-width: 0px) and (max-width: 480px) 480px, (min-width: 481px) 512px, 100vw\" class=\"wp-image-895\" \/><\/span><\/div>\n<\/div>\n<\/div>\n\n<div class=\"et_pb_column_2 et_pb_column et_pb_column_1_3 et-last-child et_block_column et_pb_column_empty et_pb_css_mix_blend_mode_passthrough\"><\/div>\n<\/div>\n<\/div>\n\n<div class=\"et_pb_section_2 et_pb_section et_section_regular et_flex_section\">\n<div class=\"et_pb_row_2 et_pb_row et_flex_row\">\n<div class=\"et_pb_column_3 et_pb_column et-last-child et_flex_column et_pb_css_mix_blend_mode_passthrough et_flex_column_24_24 et_flex_column_24_24_tablet et_flex_column_24_24_phone\">\n<div class=\"et_pb_divider_1 et_pb_divider et_pb_space et_pb_divider_position_top et_pb_module\"><div class=\"et_pb_divider_internal\"><\/div><\/div>\n<\/div>\n<\/div>\n\n<div class=\"et_pb_row_3 et_pb_row et_flex_row\">\n<div class=\"et_pb_column_4 et_pb_column et_flex_column et_pb_css_mix_blend_mode_passthrough et_flex_column_12_24 et_flex_column_12_24_tablet et_flex_column_24_24_phone\">\n<div class=\"et_pb_text_2 et_pb_text et_pb_bg_layout_light et_pb_module et_flex_module\"><div class=\"et_pb_text_inner\"><p><strong>Une approche fond\u00e9e sur l\u2019exp\u00e9rience et la confiance<\/strong><\/p>\n<p>AID\u2019O TIC s\u2019appuie sur plus de vingt ann\u00e9es d\u2019exp\u00e9rience dans :<\/p>\n<\/div>\n<div class=\"et_pb_row_4 et_pb_row et_pb_row_nested et_flex_row\">\n<div class=\"et_pb_column_5 et_pb_column et-last-child et_flex_column et_pb_css_mix_blend_mode_passthrough et_flex_column_24_24 et_flex_column_24_24_tablet et_flex_column_24_24_phone\">\n<ul class=\"et_pb_icon_list_0 et_pb_icon_list et_pb_module et_flex_module\">\n<li class=\"et_pb_icon_list_item_0 et_pb_icon_list_item et_pb_module et_flex_module\"><span class=\"et-pb-icon\">9<\/span><div class=\"et_pb_icon_list_text\">l\u2019organisation documentaire<\/div><\/li>\n\n<li class=\"et_pb_icon_list_item_1 et_pb_icon_list_item et_pb_module et_flex_module\"><span class=\"et-pb-icon\">9<\/span><div class=\"et_pb_icon_list_text\">la r\u00e9daction professionnelle<\/div><\/li>\n\n<li class=\"et_pb_icon_list_item_2 et_pb_icon_list_item et_pb_module et_flex_module\"><span class=\"et-pb-icon\">9<\/span><div class=\"et_pb_icon_list_text\">la structuration de dossiers<\/div><\/li>\n\n<li class=\"et_pb_icon_list_item_3 et_pb_icon_list_item et_pb_module et_flex_module\"><span class=\"et-pb-icon\">9<\/span><div class=\"et_pb_icon_list_text\">l\u2019accompagnement administratif<\/div><\/li>\n\n<li class=\"et_pb_icon_list_item_4 et_pb_icon_list_item et_pb_module et_flex_module\"><span class=\"et-pb-icon\">9<\/span><div class=\"et_pb_icon_list_text\">la v\u00e9rification d\u2019informations<\/div><\/li>\n<\/ul>\n\n<div class=\"et_pb_text_3 et_pb_text et_pb_bg_layout_light et_pb_module et_flex_module\"><div class=\"et_pb_text_inner\"><p><strong>Cette exp\u00e9rience permet d\u2019intervenir avec m\u00e9thode et efficacit\u00e9.<\/strong><\/p>\n<\/div><\/div>\n<\/div>\n<\/div>\n<\/div>\n<\/div>\n\n<div class=\"et_pb_column_6 et_pb_column et-last-child et_flex_column et_pb_css_mix_blend_mode_passthrough et_flex_column_12_24 et_flex_column_12_24_tablet et_flex_column_24_24_phone\">\n<div class=\"et_pb_row_5 et_pb_row et_pb_row_nested et_flex_row\">\n<div class=\"et_pb_column_7 et_pb_column et-last-child et_flex_column et_pb_css_mix_blend_mode_passthrough et_flex_column_24_24 et_flex_column_24_24_tablet et_flex_column_24_24_phone\">\n<div class=\"et_pb_text_4 et_pb_text et_pb_bg_layout_light et_pb_module et_flex_module\"><div class=\"et_pb_text_inner\"><p><strong>Une approche humaine et p\u00e9dagogique<\/strong><\/p>\n<p>Chaque accompagnement repose sur :<\/p>\n<\/div>\n<ul class=\"et_pb_icon_list_1 et_pb_icon_list et_pb_module et_flex_module\">\n<li class=\"et_pb_icon_list_item_5 et_pb_icon_list_item et_pb_module et_flex_module\"><span class=\"et-pb-icon\">9<\/span><div class=\"et_pb_icon_list_text\">l\u2019\u00e9coute<\/div><\/li>\n\n<li class=\"et_pb_icon_list_item_6 et_pb_icon_list_item et_pb_module et_flex_module\"><span class=\"et-pb-icon\">9<\/span><div class=\"et_pb_icon_list_text\">l\u2019adaptation \u00e0 votre situation<\/div><\/li>\n\n<li class=\"et_pb_icon_list_item_7 et_pb_icon_list_item et_pb_module et_flex_module\"><span class=\"et-pb-icon\">9<\/span><div class=\"et_pb_icon_list_text\">la confidentialit\u00e9<\/div><\/li>\n\n<li class=\"et_pb_icon_list_item_8 et_pb_icon_list_item et_pb_module et_flex_module\"><span class=\"et-pb-icon\">9<\/span><div class=\"et_pb_icon_list_text\">la rigueur documentaire<\/div><\/li>\n\n<li class=\"et_pb_icon_list_item_9 et_pb_icon_list_item et_pb_module et_flex_module\"><span class=\"et-pb-icon\">9<\/span><div class=\"et_pb_icon_list_text\">la recherche de solutions concr\u00e8tes<\/div><\/li>\n<\/ul>\n\n<div class=\"et_pb_text_5 et_pb_text et_pb_bg_layout_light et_pb_module et_flex_module\"><div class=\"et_pb_text_inner\"><p><strong>Nous intervenons comme un partenaire de confiance, pas comme un service impersonnel.<\/strong><\/p>\n<\/div><\/div>\n<\/div>\n<\/div>\n<\/div>\n<\/div>\n<\/div>\n\n<div class=\"et_pb_row_6 et_pb_row et_flex_row\">\n<div class=\"et_pb_column_8 et_pb_column et-last-child et_flex_column et_pb_css_mix_blend_mode_passthrough et_flex_column_24_24 et_flex_column_24_24_tablet et_flex_column_24_24_phone\">\n<div class=\"et_pb_image_1 et_pb_image et_pb_module et_flex_module\"><span class=\"et_pb_image_wrap\"><img loading=\"lazy\" decoding=\"async\" src=\"https:\/\/aidotic.fr\/wp-content\/uploads\/2026\/04\/photo_2026-04-17_10-21-27-3.jpg\" title=\"photo_2026-04-17_10-21-27-(3)\" width=\"1280\" height=\"853\" srcset=\"https:\/\/aidotic.fr\/wp-content\/uploads\/2026\/04\/photo_2026-04-17_10-21-27-3.jpg 1280w, https:\/\/aidotic.fr\/wp-content\/uploads\/2026\/04\/photo_2026-04-17_10-21-27-3-980x653.jpg 980w, https:\/\/aidotic.fr\/wp-content\/uploads\/2026\/04\/photo_2026-04-17_10-21-27-3-480x320.jpg 480w\" sizes=\"(min-width: 0px) and (max-width: 480px) 480px, (min-width: 481px) and (max-width: 980px) 980px, (min-width: 981px) 1280px, 100vw\" class=\"wp-image-539\" \/><\/span><\/div>\n<\/div>\n<\/div>\n\n<div class=\"et_pb_row_7 et_pb_row et_flex_row\">\n<div class=\"et_pb_column_9 et_pb_column et-last-child et_flex_column et_pb_css_mix_blend_mode_passthrough et_flex_column_24_24 et_flex_column_24_24_tablet et_flex_column_24_24_phone\">\n<div class=\"et_pb_divider_2 et_pb_divider et_pb_space et_pb_divider_position_top et_pb_module\"><div class=\"et_pb_divider_internal\"><\/div><\/div>\n\n<div class=\"et_pb_text_6 et_pb_text et_pb_bg_layout_light et_pb_module et_flex_module\"><div class=\"et_pb_text_inner\"><p><strong>Une compl\u00e9mentarit\u00e9 avec l\u2019investigation num\u00e9rique<br \/>\nCertaines situations n\u00e9cessitent des analyses plus approfondies.<\/p>\n<p>Dans ce cas, AID\u2019O TIC peut s\u2019appuyer sur les comp\u00e9tences compl\u00e9mentaires d\u2019<strong><a href=\"https:\/\/investicweb.net\/\" title=\"Investicweb\">Investicweb<\/a><\/strong>, sp\u00e9cialis\u00e9 en analyse d\u2019<strong>informations num\u00e9riques.<\/strong><\/p>\n<p>Cette synergie permet d\u2019apporter des r\u00e9ponses adapt\u00e9es \u00e0 des contextes sensibles ou complexes.<\/p>\n<\/div><\/div>\n<\/div>\n<\/div>\n<\/div>\n\n<div class=\"et_pb_section_3 et_pb_section et_section_regular et_flex_section\">\n<div class=\"et_pb_row_8 et_pb_row et_flex_row\">\n<div class=\"et_pb_column_10 et_pb_column et-last-child et_flex_column et_pb_css_mix_blend_mode_passthrough et_flex_column_24_24 et_flex_column_24_24_tablet et_flex_column_24_24_phone\">\n<div class=\"et_pb_text_7 et_pb_text et_pb_bg_layout_dark et_pb_module et_flex_module\"><div class=\"et_pb_text_inner\"><p>Pourquoi faire appel \u00e0 AID'O TIC ?<\/p>\n<\/div><\/div>\n<\/div>\n<\/div>\n<\/div>\n\n<div class=\"et_pb_section_4 et_pb_section et_section_regular et_block_section\">\n<div class=\"et_pb_row_9 et_pb_row et_pb_equal_columns et_pb_gutters2 et_block_row\">\n<div class=\"et_pb_column_11 et_pb_column et_pb_column_1_3 et_block_column et_pb_css_mix_blend_mode_passthrough\">\n<div class=\"et_pb_blurb_0 et_pb_blurb et_pb_bg_layout_light et_pb_text_align_center et_pb_blurb_position_top et_animated et_pb_module et_block_module\"><div class=\"et_pb_blurb_content\"><div class=\"et_pb_main_blurb_image\"><span class=\"et_pb_image_wrap\"><span class=\"et-pb-icon et_animated et_animated\">h<\/span><\/span><\/div><div class=\"et_pb_blurb_container\"><h4 class=\"et_pb_module_header\">Aucune charge salariale<\/h4><div class=\"et_pb_blurb_description\"><\/div><\/div><\/div><\/div>\n<\/div>\n\n<div class=\"et_pb_column_12 et_pb_column et_pb_column_1_3 et_block_column et_pb_css_mix_blend_mode_passthrough\">\n<div class=\"et_pb_blurb_1 et_pb_blurb et_pb_bg_layout_light et_pb_text_align_center et_pb_blurb_position_top et_animated et_pb_module et_block_module\"><div class=\"et_pb_blurb_content\"><div class=\"et_pb_main_blurb_image\"><span class=\"et_pb_image_wrap\"><span class=\"et-pb-icon et_animated et_animated\">\ue02e<\/span><\/span><\/div><div class=\"et_pb_blurb_container\"><h4 class=\"et_pb_module_header\">Aucun engagement obligatoire<\/h4><div class=\"et_pb_blurb_description\"><\/div><\/div><\/div><\/div>\n<\/div>\n\n<div class=\"et_pb_column_13 et_pb_column et_pb_column_1_3 et-last-child et_block_column et_pb_css_mix_blend_mode_passthrough\">\n<div class=\"et_pb_blurb_2 et_pb_blurb et_pb_bg_layout_light et_pb_text_align_center et_pb_blurb_position_top et_animated et_pb_module et_block_module\"><div class=\"et_pb_blurb_content\"><div class=\"et_pb_main_blurb_image\"><span class=\"et_pb_image_wrap\"><span class=\"et-pb-icon et_animated et_animated\">\uf0d0<\/span><\/span><\/div><div class=\"et_pb_blurb_container\"><h4 class=\"et_pb_module_header\">Prestations sur-mesure<\/h4><\/div><\/div><\/div>\n<\/div>\n<\/div>\n\n<div class=\"et_pb_row_10 et_pb_row et_pb_equal_columns et_pb_gutters2 et_block_row\">\n<div class=\"et_pb_column_14 et_pb_column et_pb_column_1_3 et_block_column et_pb_css_mix_blend_mode_passthrough\">\n<div class=\"et_pb_blurb_3 et_pb_blurb et_pb_bg_layout_light et_pb_text_align_center et_pb_blurb_position_top et_animated et_pb_module et_block_module\"><div class=\"et_pb_blurb_content\"><div class=\"et_pb_main_blurb_image\"><span class=\"et_pb_image_wrap\"><span class=\"et-pb-icon et_animated et_animated\">\ue021<\/span><\/span><\/div><div class=\"et_pb_blurb_container\"><h4 class=\"et_pb_module_header\">Plus de 25 ans d\u2019exp\u00e9rience dans l\u2019administratif et le num\u00e9rique<\/h4><\/div><\/div><\/div>\n<\/div>\n\n<div class=\"et_pb_column_15 et_pb_column et_pb_column_1_3 et_block_column et_pb_css_mix_blend_mode_passthrough\">\n<div class=\"et_pb_blurb_4 et_pb_blurb et_pb_bg_layout_light et_pb_text_align_center et_pb_blurb_position_top et_animated et_pb_module et_block_module\"><div class=\"et_pb_blurb_content\"><div class=\"et_pb_main_blurb_image\"><span class=\"et_pb_image_wrap\"><span class=\"et-pb-icon et_animated et_animated\">~<\/span><\/span><\/div><div class=\"et_pb_blurb_container\"><h4 class=\"et_pb_module_header\">Confidentialit\u00e9 totale<\/h4><\/div><\/div><\/div>\n\n<div class=\"et_pb_blurb_5 et_pb_blurb et_pb_bg_layout_light et_pb_text_align_center et_pb_blurb_position_top et_animated et_pb_module et_block_module\"><div class=\"et_pb_blurb_content\"><div class=\"et_pb_main_blurb_image\"><span class=\"et_pb_image_wrap\"><span class=\"et-pb-icon et_animated et_animated\">\uf2b9<\/span><\/span><\/div><div class=\"et_pb_blurb_container\"><h4 class=\"et_pb_module_header\">Un seul contact pour plusieurs comp\u00e9tences<\/h4><\/div><\/div><\/div>\n<\/div>\n\n<div class=\"et_pb_column_16 et_pb_column et_pb_column_1_3 et-last-child et_block_column et_pb_css_mix_blend_mode_passthrough\">\n<div class=\"et_pb_blurb_6 et_pb_blurb et_pb_bg_layout_light et_pb_text_align_center et_pb_blurb_position_top et_animated et_pb_module et_block_module\"><div class=\"et_pb_blurb_content\"><div class=\"et_pb_main_blurb_image\"><span class=\"et_pb_image_wrap\"><span class=\"et-pb-icon et_animated et_animated\">\ue106<\/span><\/span><\/div><div class=\"et_pb_blurb_container\"><h4 class=\"et_pb_module_header\">Travail rigoureux, fiable et r\u00e9actif<\/h4><\/div><\/div><\/div>\n<\/div>\n<\/div>\n<\/div>\n\n<div class=\"et_pb_section_5 et_pb_section et_section_regular et_flex_section\">\n<div class=\"et_pb_row_11 et_pb_row et-vb-row--no-module et_flex_row\">\n<div class=\"et_pb_column_17 et_pb_column et-last-child et_flex_column et_pb_column_empty et_pb_css_mix_blend_mode_passthrough et_flex_column_24_24 et_flex_column_24_24_tablet et_flex_column_24_24_phone\"><\/div>\n<\/div>\n<\/div>","protected":false},"excerpt":{"rendered":"<p>Chez AID\u2019O TIC, nous croyons que chaque projet m\u00e9rite une attention particuli\u00e8re. Notre \u00e9quipe passionn\u00e9e s&rsquo;engage \u00e0 transformer vos d\u00e9fis administratifs et num\u00e9riques en opportunit\u00e9s de croissance. Nous mettons un point d&rsquo;honneur \u00e0 offrir un service personnalis\u00e9, adapt\u00e9 \u00e0 vos besoins sp\u00e9cifiques. En choisissant AID\u2019O TIC, vous optez pour un partenaire qui valorise la transparence et l&rsquo;\u00e9coute. Ensemble, construisons un avenir o\u00f9 la complexit\u00e9 devient simplicit\u00e9, et o\u00f9 chaque \u00e9tape est une victoire partag\u00e9e.<\/p>\n","protected":false},"author":1,"featured_media":948,"parent":0,"menu_order":0,"comment_status":"closed","ping_status":"closed","template":"","meta":{"footnotes":""},"class_list":["post-65","page","type-page","status-publish","has-post-thumbnail","hentry"],"yoast_head":"<!-- This site is optimized with the Yoast SEO plugin v27.5 - https:\/\/yoast.com\/product\/yoast-seo-wordpress\/ -->\n<title>\u00c0 PROPOS - Aidotic.fr<\/title>\n<meta name=\"robots\" content=\"index, follow, max-snippet:-1, max-image-preview:large, max-video-preview:-1\" \/>\n<link rel=\"canonical\" href=\"https:\/\/aidotic.fr\/index.php\/a-propos-2\/\" \/>\n<meta property=\"og:locale\" content=\"fr_FR\" \/>\n<meta property=\"og:type\" content=\"article\" \/>\n<meta property=\"og:title\" content=\"\u00c0 PROPOS - Aidotic.fr\" \/>\n<meta property=\"og:description\" content=\"Chez AID\u2019O TIC, nous croyons que chaque projet m\u00e9rite une attention particuli\u00e8re. Notre \u00e9quipe passionn\u00e9e s&#039;engage \u00e0 transformer vos d\u00e9fis administratifs et num\u00e9riques en opportunit\u00e9s de croissance. Nous mettons un point d&#039;honneur \u00e0 offrir un service personnalis\u00e9, adapt\u00e9 \u00e0 vos besoins sp\u00e9cifiques. En choisissant AID\u2019O TIC, vous optez pour un partenaire qui valorise la transparence et l&#039;\u00e9coute. Ensemble, construisons un avenir o\u00f9 la complexit\u00e9 devient simplicit\u00e9, et o\u00f9 chaque \u00e9tape est une victoire partag\u00e9e.\" \/>\n<meta property=\"og:url\" content=\"https:\/\/aidotic.fr\/index.php\/a-propos-2\/\" \/>\n<meta property=\"og:site_name\" content=\"Aidotic.fr\" \/>\n<meta property=\"article:modified_time\" content=\"2026-05-05T11:05:25+00:00\" \/>\n<meta property=\"og:image\" content=\"https:\/\/aidotic.fr\/wp-content\/uploads\/2026\/04\/0-eeb2c34c-2341-4456-9043-81c6477d1285-512x512.jpg\" \/>\n\t<meta property=\"og:image:width\" content=\"512\" \/>\n\t<meta property=\"og:image:height\" content=\"512\" \/>\n\t<meta property=\"og:image:type\" content=\"image\/jpeg\" \/>\n<meta name=\"twitter:card\" content=\"summary_large_image\" \/>\n<script type=\"application\/ld+json\" class=\"yoast-schema-graph\">{\"@context\":\"https:\\\/\\\/schema.org\",\"@graph\":[{\"@type\":\"WebPage\",\"@id\":\"https:\\\/\\\/aidotic.fr\\\/index.php\\\/a-propos-2\\\/\",\"url\":\"https:\\\/\\\/aidotic.fr\\\/index.php\\\/a-propos-2\\\/\",\"name\":\"\u00c0 PROPOS - Aidotic.fr\",\"isPartOf\":{\"@id\":\"https:\\\/\\\/aidotic.fr\\\/#website\"},\"primaryImageOfPage\":{\"@id\":\"https:\\\/\\\/aidotic.fr\\\/index.php\\\/a-propos-2\\\/#primaryimage\"},\"image\":{\"@id\":\"https:\\\/\\\/aidotic.fr\\\/index.php\\\/a-propos-2\\\/#primaryimage\"},\"thumbnailUrl\":\"https:\\\/\\\/aidotic.fr\\\/wp-content\\\/uploads\\\/2026\\\/04\\\/0-eeb2c34c-2341-4456-9043-81c6477d1285-512x512.jpg\",\"datePublished\":\"2026-04-12T15:04:17+00:00\",\"dateModified\":\"2026-05-05T11:05:25+00:00\",\"breadcrumb\":{\"@id\":\"https:\\\/\\\/aidotic.fr\\\/index.php\\\/a-propos-2\\\/#breadcrumb\"},\"inLanguage\":\"fr-FR\",\"potentialAction\":[{\"@type\":\"ReadAction\",\"target\":[\"https:\\\/\\\/aidotic.fr\\\/index.php\\\/a-propos-2\\\/\"]}]},{\"@type\":\"ImageObject\",\"inLanguage\":\"fr-FR\",\"@id\":\"https:\\\/\\\/aidotic.fr\\\/index.php\\\/a-propos-2\\\/#primaryimage\",\"url\":\"https:\\\/\\\/aidotic.fr\\\/wp-content\\\/uploads\\\/2026\\\/04\\\/0-eeb2c34c-2341-4456-9043-81c6477d1285-512x512.jpg\",\"contentUrl\":\"https:\\\/\\\/aidotic.fr\\\/wp-content\\\/uploads\\\/2026\\\/04\\\/0-eeb2c34c-2341-4456-9043-81c6477d1285-512x512.jpg\",\"width\":512,\"height\":512},{\"@type\":\"BreadcrumbList\",\"@id\":\"https:\\\/\\\/aidotic.fr\\\/index.php\\\/a-propos-2\\\/#breadcrumb\",\"itemListElement\":[{\"@type\":\"ListItem\",\"position\":1,\"name\":\"Home\",\"item\":\"https:\\\/\\\/aidotic.fr\\\/\"},{\"@type\":\"ListItem\",\"position\":2,\"name\":\"\u00c0 PROPOS\"}]},{\"@type\":\"WebSite\",\"@id\":\"https:\\\/\\\/aidotic.fr\\\/#website\",\"url\":\"https:\\\/\\\/aidotic.fr\\\/\",\"name\":\"Aidotic.fr\",\"description\":\"Votre Assistante ind\u00e9pendante administrative &amp; num\u00e9rique\",\"publisher\":{\"@id\":\"https:\\\/\\\/aidotic.fr\\\/#organization\"},\"potentialAction\":[{\"@type\":\"SearchAction\",\"target\":{\"@type\":\"EntryPoint\",\"urlTemplate\":\"https:\\\/\\\/aidotic.fr\\\/?s={search_term_string}\"},\"query-input\":{\"@type\":\"PropertyValueSpecification\",\"valueRequired\":true,\"valueName\":\"search_term_string\"}}],\"inLanguage\":\"fr-FR\"},{\"@type\":\"Organization\",\"@id\":\"https:\\\/\\\/aidotic.fr\\\/#organization\",\"name\":\"Aidotic.fr\",\"url\":\"https:\\\/\\\/aidotic.fr\\\/\",\"logo\":{\"@type\":\"ImageObject\",\"inLanguage\":\"fr-FR\",\"@id\":\"https:\\\/\\\/aidotic.fr\\\/#\\\/schema\\\/logo\\\/image\\\/\",\"url\":\"https:\\\/\\\/aidotic.fr\\\/wp-content\\\/uploads\\\/2026\\\/04\\\/cropped-logo_AIDOTIC-2.jpg\",\"contentUrl\":\"https:\\\/\\\/aidotic.fr\\\/wp-content\\\/uploads\\\/2026\\\/04\\\/cropped-logo_AIDOTIC-2.jpg\",\"width\":512,\"height\":512,\"caption\":\"Aidotic.fr\"},\"image\":{\"@id\":\"https:\\\/\\\/aidotic.fr\\\/#\\\/schema\\\/logo\\\/image\\\/\"}}]}<\/script>\n<!-- \/ Yoast SEO plugin. -->","yoast_head_json":{"title":"\u00c0 PROPOS - Aidotic.fr","robots":{"index":"index","follow":"follow","max-snippet":"max-snippet:-1","max-image-preview":"max-image-preview:large","max-video-preview":"max-video-preview:-1"},"canonical":"https:\/\/aidotic.fr\/index.php\/a-propos-2\/","og_locale":"fr_FR","og_type":"article","og_title":"\u00c0 PROPOS - Aidotic.fr","og_description":"Chez AID\u2019O TIC, nous croyons que chaque projet m\u00e9rite une attention particuli\u00e8re. Notre \u00e9quipe passionn\u00e9e s'engage \u00e0 transformer vos d\u00e9fis administratifs et num\u00e9riques en opportunit\u00e9s de croissance. Nous mettons un point d'honneur \u00e0 offrir un service personnalis\u00e9, adapt\u00e9 \u00e0 vos besoins sp\u00e9cifiques. En choisissant AID\u2019O TIC, vous optez pour un partenaire qui valorise la transparence et l'\u00e9coute. Ensemble, construisons un avenir o\u00f9 la complexit\u00e9 devient simplicit\u00e9, et o\u00f9 chaque \u00e9tape est une victoire partag\u00e9e.","og_url":"https:\/\/aidotic.fr\/index.php\/a-propos-2\/","og_site_name":"Aidotic.fr","article_modified_time":"2026-05-05T11:05:25+00:00","og_image":[{"width":512,"height":512,"url":"https:\/\/aidotic.fr\/wp-content\/uploads\/2026\/04\/0-eeb2c34c-2341-4456-9043-81c6477d1285-512x512.jpg","type":"image\/jpeg"}],"twitter_card":"summary_large_image","schema":{"@context":"https:\/\/schema.org","@graph":[{"@type":"WebPage","@id":"https:\/\/aidotic.fr\/index.php\/a-propos-2\/","url":"https:\/\/aidotic.fr\/index.php\/a-propos-2\/","name":"\u00c0 PROPOS - Aidotic.fr","isPartOf":{"@id":"https:\/\/aidotic.fr\/#website"},"primaryImageOfPage":{"@id":"https:\/\/aidotic.fr\/index.php\/a-propos-2\/#primaryimage"},"image":{"@id":"https:\/\/aidotic.fr\/index.php\/a-propos-2\/#primaryimage"},"thumbnailUrl":"https:\/\/aidotic.fr\/wp-content\/uploads\/2026\/04\/0-eeb2c34c-2341-4456-9043-81c6477d1285-512x512.jpg","datePublished":"2026-04-12T15:04:17+00:00","dateModified":"2026-05-05T11:05:25+00:00","breadcrumb":{"@id":"https:\/\/aidotic.fr\/index.php\/a-propos-2\/#breadcrumb"},"inLanguage":"fr-FR","potentialAction":[{"@type":"ReadAction","target":["https:\/\/aidotic.fr\/index.php\/a-propos-2\/"]}]},{"@type":"ImageObject","inLanguage":"fr-FR","@id":"https:\/\/aidotic.fr\/index.php\/a-propos-2\/#primaryimage","url":"https:\/\/aidotic.fr\/wp-content\/uploads\/2026\/04\/0-eeb2c34c-2341-4456-9043-81c6477d1285-512x512.jpg","contentUrl":"https:\/\/aidotic.fr\/wp-content\/uploads\/2026\/04\/0-eeb2c34c-2341-4456-9043-81c6477d1285-512x512.jpg","width":512,"height":512},{"@type":"BreadcrumbList","@id":"https:\/\/aidotic.fr\/index.php\/a-propos-2\/#breadcrumb","itemListElement":[{"@type":"ListItem","position":1,"name":"Home","item":"https:\/\/aidotic.fr\/"},{"@type":"ListItem","position":2,"name":"\u00c0 PROPOS"}]},{"@type":"WebSite","@id":"https:\/\/aidotic.fr\/#website","url":"https:\/\/aidotic.fr\/","name":"Aidotic.fr","description":"Votre Assistante ind\u00e9pendante administrative &amp; num\u00e9rique","publisher":{"@id":"https:\/\/aidotic.fr\/#organization"},"potentialAction":[{"@type":"SearchAction","target":{"@type":"EntryPoint","urlTemplate":"https:\/\/aidotic.fr\/?s={search_term_string}"},"query-input":{"@type":"PropertyValueSpecification","valueRequired":true,"valueName":"search_term_string"}}],"inLanguage":"fr-FR"},{"@type":"Organization","@id":"https:\/\/aidotic.fr\/#organization","name":"Aidotic.fr","url":"https:\/\/aidotic.fr\/","logo":{"@type":"ImageObject","inLanguage":"fr-FR","@id":"https:\/\/aidotic.fr\/#\/schema\/logo\/image\/","url":"https:\/\/aidotic.fr\/wp-content\/uploads\/2026\/04\/cropped-logo_AIDOTIC-2.jpg","contentUrl":"https:\/\/aidotic.fr\/wp-content\/uploads\/2026\/04\/cropped-logo_AIDOTIC-2.jpg","width":512,"height":512,"caption":"Aidotic.fr"},"image":{"@id":"https:\/\/aidotic.fr\/#\/schema\/logo\/image\/"}}]}},"_links":{"self":[{"href":"https:\/\/aidotic.fr\/index.php\/wp-json\/wp\/v2\/pages\/65","targetHints":{"allow":["GET"]}}],"collection":[{"href":"https:\/\/aidotic.fr\/index.php\/wp-json\/wp\/v2\/pages"}],"about":[{"href":"https:\/\/aidotic.fr\/index.php\/wp-json\/wp\/v2\/types\/page"}],"author":[{"embeddable":true,"href":"https:\/\/aidotic.fr\/index.php\/wp-json\/wp\/v2\/users\/1"}],"replies":[{"embeddable":true,"href":"https:\/\/aidotic.fr\/index.php\/wp-json\/wp\/v2\/comments?post=65"}],"version-history":[{"count":69,"href":"https:\/\/aidotic.fr\/index.php\/wp-json\/wp\/v2\/pages\/65\/revisions"}],"predecessor-version":[{"id":1080,"href":"https:\/\/aidotic.fr\/index.php\/wp-json\/wp\/v2\/pages\/65\/revisions\/1080"}],"wp:featuredmedia":[{"embeddable":true,"href":"https:\/\/aidotic.fr\/index.php\/wp-json\/wp\/v2\/media\/948"}],"wp:attachment":[{"href":"https:\/\/aidotic.fr\/index.php\/wp-json\/wp\/v2\/media?parent=65"}],"curies":[{"name":"wp","href":"https:\/\/api.w.org\/{rel}","templated":true}]}}