{"id":62,"date":"2026-04-12T17:01:41","date_gmt":"2026-04-12T15:01:41","guid":{"rendered":"https:\/\/aidotic.fr\/index.php\/graphisme-supports-visuels\/"},"modified":"2026-05-05T13:06:30","modified_gmt":"2026-05-05T11:06:30","slug":"graphisme-supports-visuels","status":"publish","type":"page","link":"https:\/\/aidotic.fr\/index.php\/graphisme-supports-visuels\/","title":{"rendered":"GRAPHISME &#038; SUPPORTS VISUELS"},"content":{"rendered":"<div class=\"et_pb_section_0 et_pb_section et_section_regular et_flex_section\">\n<div class=\"et_pb_row_0 et_pb_row et_block_row et_animated\">\n<div class=\"et_pb_column_0 et_pb_column et_pb_column_4_4 et-last-child et_block_column et_pb_css_mix_blend_mode_passthrough\">\n<div class=\"et_pb_text_0 et_pb_text et_pb_bg_layout_light et_pb_bg_layout_dark_phone et_animated et_pb_module et_block_module\"><div class=\"et_pb_text_inner\"><h1>Graphisme & <br \/>support visuel<\/h1>\n<\/div><\/div>\n\n<div class=\"et_pb_text_1 et_pb_text et_pb_bg_layout_light et_animated et_pb_module et_block_module\"><div class=\"et_pb_text_inner\"><p>Nous proposons la cr\u00e9ation de supports visuels simples, \u00e9l\u00e9gants et adapt\u00e9s \u00e0 vos besoins :<\/p>\n<\/div><\/div>\n<\/div>\n<\/div>\n<\/div>\n\n<div class=\"et_pb_section_1 et_pb_section et_section_regular et_block_section\">\n<div class=\"et_pb_row_1 et_pb_row et_flex_row\">\n<div class=\"et_pb_column_1 et_pb_column et_flex_column et_pb_css_mix_blend_mode_passthrough et_flex_column_24_24 et_flex_column_24_24_tablet et_flex_column_24_24_phone\">\n<div class=\"et_pb_icon_0 et_pb_icon et_pb_module et_flex_module\"><span class=\"et_pb_icon_wrap\"><span class=\"et-pb-icon\">\uf1fc<\/span><\/span><\/div>\n<\/div>\n\n<div class=\"et_pb_column_2 et_pb_column et_flex_column et_pb_css_mix_blend_mode_passthrough et_flex_column_24_24 et_flex_column_24_24_tablet et_flex_column_24_24_phone\">\n<div class=\"et_pb_heading_0 et_pb_heading et_pb_module et_flex_module\"><div class=\"et_pb_heading_container\"><h1 class=\"et_pb_module_header\">Supports propos\u00e9s<\/h1><\/div><\/div>\n<\/div>\n\n<div class=\"et_pb_column_3 et_pb_column et-last-child et_flex_column et_pb_css_mix_blend_mode_passthrough et_flex_column_24_24 et_flex_column_24_24_tablet et_flex_column_24_24_phone\">\n<ul class=\"et_pb_icon_list_0 et_pb_icon_list et_pb_module et_flex_module\">\n<li class=\"et_pb_icon_list_item_0 et_pb_icon_list_item et_pb_module et_flex_module\"><span class=\"et-pb-icon\">N<\/span><div class=\"et_pb_icon_list_text\">Logos basiques<\/div><\/li>\n\n<li class=\"et_pb_icon_list_item_1 et_pb_icon_list_item et_pb_module et_flex_module\"><span class=\"et-pb-icon\">N<\/span><div class=\"et_pb_icon_list_text\">Cartes de visite<\/div><\/li>\n\n<li class=\"et_pb_icon_list_item_2 et_pb_icon_list_item et_pb_module et_flex_module\"><span class=\"et-pb-icon\">N<\/span><div class=\"et_pb_icon_list_text\">Flyers A4 \/ A5<\/div><\/li>\n\n<li class=\"et_pb_icon_list_item_3 et_pb_icon_list_item et_pb_module et_flex_module\"><span class=\"et-pb-icon\">N<\/span><div class=\"et_pb_icon_list_text\">Signatures mail pro<\/div><\/li>\n\n<li class=\"et_pb_icon_list_item_4 et_pb_icon_list_item et_pb_module et_flex_module\"><span class=\"et-pb-icon\">N<\/span><div class=\"et_pb_icon_list_text\">Banni\u00e8res pour Facebook \/ Instagram \/ LinkedIn<\/div><\/li>\n\n<li class=\"et_pb_icon_list_item_5 et_pb_icon_list_item et_pb_module et_flex_module\"><span class=\"et-pb-icon\">N<\/span><div class=\"et_pb_icon_list_text\">Petites affiches<\/div><\/li>\n\n<li class=\"et_pb_icon_list_item_6 et_pb_icon_list_item et_pb_module et_flex_module\"><span class=\"et-pb-icon\">N<\/span><div class=\"et_pb_icon_list_text\">Pr\u00e9sentations PDF simples<\/div><\/li>\n\n<li class=\"et_pb_icon_list_item_7 et_pb_icon_list_item et_pb_module et_flex_module\"><span class=\"et-pb-icon\">N<\/span><div class=\"et_pb_icon_list_text\">Mise en page pour documents longs<\/div><\/li>\n<\/ul>\n<\/div>\n<\/div>\n<\/div>\n\n<div class=\"et_pb_section_2 et_pb_section et_section_regular et_flex_section\"><\/div>\n\n<div class=\"et_pb_section_3 et_pb_section et_section_regular et_block_section\">\n<div class=\"et_pb_row_2 et_pb_row et_block_row\">\n<div class=\"et_pb_column_4 et_pb_column et_pb_column_1_2 et_block_column et_pb_css_mix_blend_mode_passthrough\">\n<div class=\"et_pb_image_0 et_pb_image et_animated et_pb_module et_block_module\"><a href=\"https:\/\/aidotic.fr\/wp-content\/uploads\/2026\/04\/photo_2026-04-17_10-21-27-4.jpg\" class=\"et_pb_lightbox_image\"><span class=\"et_pb_image_wrap\"><img loading=\"lazy\" decoding=\"async\" src=\"https:\/\/aidotic.fr\/wp-content\/uploads\/2026\/04\/photo_2026-04-17_10-21-27-4.jpg\" title=\"Accompagnement06\" width=\"1280\" height=\"853\" srcset=\"https:\/\/aidotic.fr\/wp-content\/uploads\/2026\/04\/photo_2026-04-17_10-21-27-4.jpg 1280w, https:\/\/aidotic.fr\/wp-content\/uploads\/2026\/04\/photo_2026-04-17_10-21-27-4-980x653.jpg 980w, https:\/\/aidotic.fr\/wp-content\/uploads\/2026\/04\/photo_2026-04-17_10-21-27-4-480x320.jpg 480w\" sizes=\"(min-width: 0px) and (max-width: 480px) 480px, (min-width: 481px) and (max-width: 980px) 980px, (min-width: 981px) 1280px, 100vw\" class=\"wp-image-540\" \/><\/span><\/a><\/div>\n<\/div>\n\n<div class=\"et_pb_column_5 et_pb_column et_pb_column_1_2 et-last-child et_block_column et_pb_css_mix_blend_mode_passthrough\">\n<div class=\"et_pb_text_2 et_pb_text et_pb_bg_layout_light et_animated et_pb_module et_block_module\"><div class=\"et_pb_text_inner\"><h3>Objectifs :<\/h3>\n<\/div><\/div>\n\n<ul class=\"et_pb_icon_list_1 et_pb_icon_list et_pb_module et_flex_module\">\n<li class=\"et_pb_icon_list_item_8 et_pb_icon_list_item et_pb_module et_flex_module\"><span class=\"et-pb-icon\">N<\/span><div class=\"et_pb_icon_list_text\">Am\u00e9liorer votre image professionnelle<\/div><\/li>\n\n<li class=\"et_pb_icon_list_item_9 et_pb_icon_list_item et_pb_module et_flex_module\"><span class=\"et-pb-icon\">N<\/span><div class=\"et_pb_icon_list_text\">Aider vos clients \u00e0 vous identifier rapidement<\/div><\/li>\n\n<li class=\"et_pb_icon_list_item_10 et_pb_icon_list_item et_pb_module et_flex_module\"><span class=\"et-pb-icon\">N<\/span><div class=\"et_pb_icon_list_text\">Structurer votre communication<\/div><\/li>\n<\/ul>\n<\/div>\n<\/div>\n<\/div>","protected":false},"excerpt":{"rendered":"","protected":false},"author":1,"featured_media":0,"parent":0,"menu_order":0,"comment_status":"closed","ping_status":"closed","template":"","meta":{"footnotes":""},"class_list":["post-62","page","type-page","status-publish","hentry"],"yoast_head":"<!-- This site is optimized with the Yoast SEO plugin v27.5 - https:\/\/yoast.com\/product\/yoast-seo-wordpress\/ -->\n<title>GRAPHISME &amp; SUPPORTS VISUELS - Aidotic.fr<\/title>\n<meta name=\"robots\" content=\"index, follow, max-snippet:-1, max-image-preview:large, max-video-preview:-1\" \/>\n<link rel=\"canonical\" href=\"https:\/\/aidotic.fr\/index.php\/graphisme-supports-visuels\/\" \/>\n<meta property=\"og:locale\" content=\"fr_FR\" \/>\n<meta property=\"og:type\" content=\"article\" \/>\n<meta property=\"og:title\" content=\"GRAPHISME &amp; SUPPORTS VISUELS - Aidotic.fr\" \/>\n<meta property=\"og:url\" content=\"https:\/\/aidotic.fr\/index.php\/graphisme-supports-visuels\/\" \/>\n<meta property=\"og:site_name\" content=\"Aidotic.fr\" \/>\n<meta property=\"article:modified_time\" content=\"2026-05-05T11:06:30+00:00\" \/>\n<meta name=\"twitter:card\" content=\"summary_large_image\" \/>\n<script type=\"application\/ld+json\" class=\"yoast-schema-graph\">{\"@context\":\"https:\\\/\\\/schema.org\",\"@graph\":[{\"@type\":\"WebPage\",\"@id\":\"https:\\\/\\\/aidotic.fr\\\/index.php\\\/graphisme-supports-visuels\\\/\",\"url\":\"https:\\\/\\\/aidotic.fr\\\/index.php\\\/graphisme-supports-visuels\\\/\",\"name\":\"GRAPHISME & SUPPORTS VISUELS - Aidotic.fr\",\"isPartOf\":{\"@id\":\"https:\\\/\\\/aidotic.fr\\\/#website\"},\"datePublished\":\"2026-04-12T15:01:41+00:00\",\"dateModified\":\"2026-05-05T11:06:30+00:00\",\"breadcrumb\":{\"@id\":\"https:\\\/\\\/aidotic.fr\\\/index.php\\\/graphisme-supports-visuels\\\/#breadcrumb\"},\"inLanguage\":\"fr-FR\",\"potentialAction\":[{\"@type\":\"ReadAction\",\"target\":[\"https:\\\/\\\/aidotic.fr\\\/index.php\\\/graphisme-supports-visuels\\\/\"]}]},{\"@type\":\"BreadcrumbList\",\"@id\":\"https:\\\/\\\/aidotic.fr\\\/index.php\\\/graphisme-supports-visuels\\\/#breadcrumb\",\"itemListElement\":[{\"@type\":\"ListItem\",\"position\":1,\"name\":\"Home\",\"item\":\"https:\\\/\\\/aidotic.fr\\\/\"},{\"@type\":\"ListItem\",\"position\":2,\"name\":\"GRAPHISME &#038; SUPPORTS VISUELS\"}]},{\"@type\":\"WebSite\",\"@id\":\"https:\\\/\\\/aidotic.fr\\\/#website\",\"url\":\"https:\\\/\\\/aidotic.fr\\\/\",\"name\":\"Aidotic.fr\",\"description\":\"Votre Assistante ind\u00e9pendante administrative &amp; num\u00e9rique\",\"publisher\":{\"@id\":\"https:\\\/\\\/aidotic.fr\\\/#organization\"},\"potentialAction\":[{\"@type\":\"SearchAction\",\"target\":{\"@type\":\"EntryPoint\",\"urlTemplate\":\"https:\\\/\\\/aidotic.fr\\\/?s={search_term_string}\"},\"query-input\":{\"@type\":\"PropertyValueSpecification\",\"valueRequired\":true,\"valueName\":\"search_term_string\"}}],\"inLanguage\":\"fr-FR\"},{\"@type\":\"Organization\",\"@id\":\"https:\\\/\\\/aidotic.fr\\\/#organization\",\"name\":\"Aidotic.fr\",\"url\":\"https:\\\/\\\/aidotic.fr\\\/\",\"logo\":{\"@type\":\"ImageObject\",\"inLanguage\":\"fr-FR\",\"@id\":\"https:\\\/\\\/aidotic.fr\\\/#\\\/schema\\\/logo\\\/image\\\/\",\"url\":\"https:\\\/\\\/aidotic.fr\\\/wp-content\\\/uploads\\\/2026\\\/04\\\/cropped-logo_AIDOTIC-2.jpg\",\"contentUrl\":\"https:\\\/\\\/aidotic.fr\\\/wp-content\\\/uploads\\\/2026\\\/04\\\/cropped-logo_AIDOTIC-2.jpg\",\"width\":512,\"height\":512,\"caption\":\"Aidotic.fr\"},\"image\":{\"@id\":\"https:\\\/\\\/aidotic.fr\\\/#\\\/schema\\\/logo\\\/image\\\/\"}}]}<\/script>\n<!-- \/ Yoast SEO plugin. -->","yoast_head_json":{"title":"GRAPHISME & SUPPORTS VISUELS - Aidotic.fr","robots":{"index":"index","follow":"follow","max-snippet":"max-snippet:-1","max-image-preview":"max-image-preview:large","max-video-preview":"max-video-preview:-1"},"canonical":"https:\/\/aidotic.fr\/index.php\/graphisme-supports-visuels\/","og_locale":"fr_FR","og_type":"article","og_title":"GRAPHISME & SUPPORTS VISUELS - Aidotic.fr","og_url":"https:\/\/aidotic.fr\/index.php\/graphisme-supports-visuels\/","og_site_name":"Aidotic.fr","article_modified_time":"2026-05-05T11:06:30+00:00","twitter_card":"summary_large_image","schema":{"@context":"https:\/\/schema.org","@graph":[{"@type":"WebPage","@id":"https:\/\/aidotic.fr\/index.php\/graphisme-supports-visuels\/","url":"https:\/\/aidotic.fr\/index.php\/graphisme-supports-visuels\/","name":"GRAPHISME & SUPPORTS VISUELS - Aidotic.fr","isPartOf":{"@id":"https:\/\/aidotic.fr\/#website"},"datePublished":"2026-04-12T15:01:41+00:00","dateModified":"2026-05-05T11:06:30+00:00","breadcrumb":{"@id":"https:\/\/aidotic.fr\/index.php\/graphisme-supports-visuels\/#breadcrumb"},"inLanguage":"fr-FR","potentialAction":[{"@type":"ReadAction","target":["https:\/\/aidotic.fr\/index.php\/graphisme-supports-visuels\/"]}]},{"@type":"BreadcrumbList","@id":"https:\/\/aidotic.fr\/index.php\/graphisme-supports-visuels\/#breadcrumb","itemListElement":[{"@type":"ListItem","position":1,"name":"Home","item":"https:\/\/aidotic.fr\/"},{"@type":"ListItem","position":2,"name":"GRAPHISME &#038; SUPPORTS VISUELS"}]},{"@type":"WebSite","@id":"https:\/\/aidotic.fr\/#website","url":"https:\/\/aidotic.fr\/","name":"Aidotic.fr","description":"Votre Assistante ind\u00e9pendante administrative &amp; num\u00e9rique","publisher":{"@id":"https:\/\/aidotic.fr\/#organization"},"potentialAction":[{"@type":"SearchAction","target":{"@type":"EntryPoint","urlTemplate":"https:\/\/aidotic.fr\/?s={search_term_string}"},"query-input":{"@type":"PropertyValueSpecification","valueRequired":true,"valueName":"search_term_string"}}],"inLanguage":"fr-FR"},{"@type":"Organization","@id":"https:\/\/aidotic.fr\/#organization","name":"Aidotic.fr","url":"https:\/\/aidotic.fr\/","logo":{"@type":"ImageObject","inLanguage":"fr-FR","@id":"https:\/\/aidotic.fr\/#\/schema\/logo\/image\/","url":"https:\/\/aidotic.fr\/wp-content\/uploads\/2026\/04\/cropped-logo_AIDOTIC-2.jpg","contentUrl":"https:\/\/aidotic.fr\/wp-content\/uploads\/2026\/04\/cropped-logo_AIDOTIC-2.jpg","width":512,"height":512,"caption":"Aidotic.fr"},"image":{"@id":"https:\/\/aidotic.fr\/#\/schema\/logo\/image\/"}}]}},"_links":{"self":[{"href":"https:\/\/aidotic.fr\/index.php\/wp-json\/wp\/v2\/pages\/62","targetHints":{"allow":["GET"]}}],"collection":[{"href":"https:\/\/aidotic.fr\/index.php\/wp-json\/wp\/v2\/pages"}],"about":[{"href":"https:\/\/aidotic.fr\/index.php\/wp-json\/wp\/v2\/types\/page"}],"author":[{"embeddable":true,"href":"https:\/\/aidotic.fr\/index.php\/wp-json\/wp\/v2\/users\/1"}],"replies":[{"embeddable":true,"href":"https:\/\/aidotic.fr\/index.php\/wp-json\/wp\/v2\/comments?post=62"}],"version-history":[{"count":32,"href":"https:\/\/aidotic.fr\/index.php\/wp-json\/wp\/v2\/pages\/62\/revisions"}],"predecessor-version":[{"id":1081,"href":"https:\/\/aidotic.fr\/index.php\/wp-json\/wp\/v2\/pages\/62\/revisions\/1081"}],"wp:attachment":[{"href":"https:\/\/aidotic.fr\/index.php\/wp-json\/wp\/v2\/media?parent=62"}],"curies":[{"name":"wp","href":"https:\/\/api.w.org\/{rel}","templated":true}]}}