{"id":25,"date":"2026-04-12T19:09:07","date_gmt":"2026-04-12T17:09:07","guid":{"rendered":"https:\/\/aidotic.fr\/?page_id=25"},"modified":"2026-05-06T13:42:43","modified_gmt":"2026-05-06T11:42:43","slug":"prestations-administratives-secretariat","status":"publish","type":"page","link":"https:\/\/aidotic.fr\/index.php\/prestations-administratives-secretariat\/","title":{"rendered":"PRESTATIONS ADMINISTRATIVES &#038; SECR\u00c9TARIAT"},"content":{"rendered":"<div class=\"et_pb_section_0 et_pb_section et_section_regular et_block_section et_animated\">\n<div class=\"et_pb_row_0 et_pb_row et_pb_equal_columns et_pb_gutters1 et_block_row et_animated et_pb_row_fullwidth\">\n<div class=\"et_pb_column_0 et_pb_column et_pb_column_1_2 et_block_column et_pb_css_mix_blend_mode_passthrough\">\n<div class=\"et_pb_text_0 et_pb_text et_pb_bg_layout_light et_animated et_pb_module et_block_module\"><div class=\"et_pb_text_inner\" data-et-mv-hidden-phone=\"true\"><h1>PRESTATIONS<br \/>\n<span style=\"color: #353740;\">ADMINISTRATIVES &amp; SECR\u00c9TARIAT<\/span><\/h1>\n<\/div><\/div>\n\n<div class=\"et_pb_text_1 et_pb_text et_pb_bg_layout_light et_animated et_pb_module et_block_module\"><div class=\"et_pb_text_inner\"><p>\"Lib\u00e9rez-vous de l'administratif pour vous concentrer sur ce qui compte vraiment : votre c\u0153ur de m\u00e9tier.\"<\/p>\n<\/div><\/div>\n<\/div>\n\n<div class=\"et_pb_column_1 et_pb_column et_pb_column_1_2 et-last-child et_block_column et_pb_column_empty et_pb_css_mix_blend_mode_passthrough et_pb_section_parallax\"><span class=\"et-pb-parallax-wrapper\"><span class=\"et-pb-parallax-background et-pb-parallax-background-module--divi-column-1\" style=\"background-image:url(https:\/\/aidotic.fr\/wp-content\/uploads\/2026\/04\/home-office-12.jpg)\"><\/span><\/span><\/div>\n<\/div>\n<\/div>\n\n<div class=\"et_pb_section_1 et_pb_section et_section_regular et_block_section\">\n<div class=\"et_pb_row_1 et_pb_row et_block_row et_animated\">\n<div class=\"et_pb_column_2 et_pb_column et_pb_column_4_4 et-last-child et_block_column et_pb_css_mix_blend_mode_passthrough\">\n<div class=\"et_pb_text_2 et_pb_text et_pb_bg_layout_light et_animated et_pb_module et_block_module et_pb_text_align_center\"><div class=\"et_pb_text_inner\" data-et-mv-hidden-phone=\"true\"><h2>Prestations<\/h2>\n<\/div><\/div>\n<\/div>\n<\/div>\n\n<div class=\"et_pb_row_2 et_pb_row et_flex_row\">\n<div class=\"et_pb_column_3 et_pb_column et_flex_column et_pb_css_mix_blend_mode_passthrough et_flex_column_12_24 et_flex_column_12_24_tablet et_flex_column_24_24_phone\">\n<div class=\"et_pb_icon_0 et_pb_icon et_pb_module et_flex_module\"><span class=\"et_pb_icon_wrap\"><span class=\"et-pb-icon\">l<\/span><\/span>\n<div class=\"et_pb_heading_0 et_pb_heading et_pb_module et_flex_module\"><div class=\"et_pb_heading_container\"><h3 class=\"et_pb_module_header\">R\u00e9daction professionnelle<\/h3><\/div><\/div>\n\n<div class=\"et_pb_image_0 et_pb_image et_pb_module et_flex_module\"><span class=\"et_pb_image_wrap\"><img loading=\"lazy\" decoding=\"async\" src=\"https:\/\/aidotic.fr\/wp-content\/uploads\/2026\/04\/photo_62@17-04-2026_12-24-01.jpg\" title=\"Aides aux d\u00e9marches\" width=\"1280\" height=\"853\" srcset=\"https:\/\/aidotic.fr\/wp-content\/uploads\/2026\/04\/photo_62@17-04-2026_12-24-01.jpg 1280w, https:\/\/aidotic.fr\/wp-content\/uploads\/2026\/04\/photo_62@17-04-2026_12-24-01-980x653.jpg 980w, https:\/\/aidotic.fr\/wp-content\/uploads\/2026\/04\/photo_62@17-04-2026_12-24-01-480x320.jpg 480w\" sizes=\"(min-width: 0px) and (max-width: 480px) 480px, (min-width: 481px) and (max-width: 980px) 980px, (min-width: 981px) 1280px, 100vw\" class=\"wp-image-563\" \/><\/span><\/div>\n<\/div>\n\n<ul class=\"et_pb_icon_list_0 et_pb_icon_list et_pb_module et_flex_module\">\n<li class=\"et_pb_icon_list_item_0 et_pb_icon_list_item et_pb_module et_flex_module\"><span class=\"et-pb-icon\">9<\/span><div class=\"et_pb_icon_list_text\">Courriers administratifs<\/div><\/li>\n\n<li class=\"et_pb_icon_list_item_1 et_pb_icon_list_item et_pb_module et_flex_module\"><span class=\"et-pb-icon\">9<\/span><div class=\"et_pb_icon_list_text\">Courriers professionnels<\/div><\/li>\n\n<li class=\"et_pb_icon_list_item_2 et_pb_icon_list_item et_pb_module et_flex_module\"><span class=\"et-pb-icon\">9<\/span><div class=\"et_pb_icon_list_text\">Lettres complexes (litiges, r\u00e9clamations, d\u00e9marches sensibles)<\/div><\/li>\n\n<li class=\"et_pb_icon_list_item_3 et_pb_icon_list_item et_pb_module et_flex_module\"><span class=\"et-pb-icon\">9<\/span><div class=\"et_pb_icon_list_text\">Rapports, synth\u00e8ses, comptes rendus<\/div><\/li>\n\n<li class=\"et_pb_icon_list_item_4 et_pb_icon_list_item et_pb_module et_flex_module\"><span class=\"et-pb-icon\">9<\/span><div class=\"et_pb_icon_list_text\">Notes d\u2019information<\/div><\/li>\n\n<li class=\"et_pb_icon_list_item_5 et_pb_icon_list_item et_pb_module et_flex_module\"><span class=\"et-pb-icon\">9<\/span><div class=\"et_pb_icon_list_text\">R\u00e9ponses aux administrations<\/div><\/li>\n\n<li class=\"et_pb_icon_list_item_6 et_pb_icon_list_item et_pb_module et_flex_module\"><span class=\"et-pb-icon\">9<\/span><div class=\"et_pb_icon_list_text\">R\u00e9\u00e9criture de textes pour plus de clart\u00e9 et d\u2019impact<\/div><\/li>\n<\/ul>\n<\/div>\n\n<div class=\"et_pb_column_4 et_pb_column et_flex_column et_pb_css_mix_blend_mode_passthrough et_flex_column_12_24 et_flex_column_12_24_tablet et_flex_column_24_24_phone\">\n<div class=\"et_pb_icon_1 et_pb_icon et_pb_module et_flex_module\"><span class=\"et_pb_icon_wrap\"><span class=\"et-pb-icon\">\uf530<\/span><\/span>\n<div class=\"et_pb_heading_1 et_pb_heading et_pb_module et_flex_module\"><div class=\"et_pb_heading_container\"><h3 class=\"et_pb_module_header\">Relecture & correction<\/h3><\/div><\/div>\n<\/div>\n\n<div class=\"et_pb_image_1 et_pb_image et_pb_module et_flex_module\"><span class=\"et_pb_image_wrap\"><img loading=\"lazy\" decoding=\"async\" src=\"https:\/\/aidotic.fr\/wp-content\/uploads\/2026\/04\/photo_35@17-04-2026_12-22-36_thumb.jpg\" title=\"Relecture\" width=\"520\" height=\"346\" srcset=\"https:\/\/aidotic.fr\/wp-content\/uploads\/2026\/04\/photo_35@17-04-2026_12-22-36_thumb.jpg 520w, https:\/\/aidotic.fr\/wp-content\/uploads\/2026\/04\/photo_35@17-04-2026_12-22-36_thumb-480x319.jpg 480w\" sizes=\"(min-width: 0px) and (max-width: 480px) 480px, (min-width: 481px) 520px, 100vw\" class=\"wp-image-550\" \/><\/span><\/div>\n\n<ul class=\"et_pb_icon_list_1 et_pb_icon_list et_pb_module et_flex_module\">\n<li class=\"et_pb_icon_list_item_7 et_pb_icon_list_item et_pb_module et_flex_module\"><span class=\"et-pb-icon\">9<\/span><div class=\"et_pb_icon_list_text\">Correction orthographique<\/div><\/li>\n\n<li class=\"et_pb_icon_list_item_8 et_pb_icon_list_item et_pb_module et_flex_module\"><span class=\"et-pb-icon\">9<\/span><div class=\"et_pb_icon_list_text\">Correction grammaticale et syntaxique<\/div><\/li>\n\n<li class=\"et_pb_icon_list_item_9 et_pb_icon_list_item et_pb_module et_flex_module\"><span class=\"et-pb-icon\">9<\/span><div class=\"et_pb_icon_list_text\">Am\u00e9lioration du style<\/div><\/li>\n\n<li class=\"et_pb_icon_list_item_10 et_pb_icon_list_item et_pb_module et_flex_module\"><span class=\"et-pb-icon\">9<\/span><div class=\"et_pb_icon_list_text\">Correction d\u2019ouvrages, documents longs, rapports <\/div><\/li>\n\n<li class=\"et_pb_icon_list_item_11 et_pb_icon_list_item et_pb_module et_flex_module\"><span class=\"et-pb-icon\">9<\/span><div class=\"et_pb_icon_list_text\">Harmonisation de documents (titres, styles, mises en forme)<\/div><\/li>\n<\/ul>\n<\/div>\n\n<div class=\"et_pb_column_5 et_pb_column et_flex_column et_pb_css_mix_blend_mode_passthrough et_flex_column_12_24 et_flex_column_12_24_tablet et_flex_column_24_24_phone\">\n<div class=\"et_pb_icon_2 et_pb_icon et_pb_module et_flex_module\"><span class=\"et_pb_icon_wrap\"><span class=\"et-pb-icon\">\uf15c<\/span><\/span>\n<div class=\"et_pb_heading_2 et_pb_heading et_pb_module et_flex_module\"><div class=\"et_pb_heading_container\"><h3 class=\"et_pb_module_header\">Mise en page professionnelle<\/h3><\/div><\/div>\n\n<div class=\"et_pb_image_2 et_pb_image et_pb_module et_flex_module\"><span class=\"et_pb_image_wrap\"><img loading=\"lazy\" decoding=\"async\" src=\"https:\/\/aidotic.fr\/wp-content\/uploads\/2026\/04\/photo_45@17-04-2026_12-23-53.jpg\" title=\"Accompagnement01\" width=\"1280\" height=\"853\" srcset=\"https:\/\/aidotic.fr\/wp-content\/uploads\/2026\/04\/photo_45@17-04-2026_12-23-53.jpg 1280w, https:\/\/aidotic.fr\/wp-content\/uploads\/2026\/04\/photo_45@17-04-2026_12-23-53-980x653.jpg 980w, https:\/\/aidotic.fr\/wp-content\/uploads\/2026\/04\/photo_45@17-04-2026_12-23-53-480x320.jpg 480w\" sizes=\"(min-width: 0px) and (max-width: 480px) 480px, (min-width: 481px) and (max-width: 980px) 980px, (min-width: 981px) 1280px, 100vw\" class=\"wp-image-552\" \/><\/span><\/div>\n<\/div>\n\n<ul class=\"et_pb_icon_list_2 et_pb_icon_list et_pb_module et_flex_module\">\n<li class=\"et_pb_icon_list_item_12 et_pb_icon_list_item et_pb_module et_flex_module\"><span class=\"et-pb-icon\">9<\/span><div class=\"et_pb_icon_list_text\">Mise en forme Word \/ PDF<\/div><\/li>\n\n<li class=\"et_pb_icon_list_item_13 et_pb_icon_list_item et_pb_module et_flex_module\"><span class=\"et-pb-icon\">9<\/span><div class=\"et_pb_icon_list_text\">Documents administratifs \/ commerciaux<\/div><\/li>\n\n<li class=\"et_pb_icon_list_item_14 et_pb_icon_list_item et_pb_module et_flex_module\"><span class=\"et-pb-icon\">9<\/span><div class=\"et_pb_icon_list_text\">Mod\u00e8les personnalis\u00e9s (devis, factures, courriers)<\/div><\/li>\n\n<li class=\"et_pb_icon_list_item_15 et_pb_icon_list_item et_pb_module et_flex_module\"><span class=\"et-pb-icon\">9<\/span><div class=\"et_pb_icon_list_text\">Mise en forme soign\u00e9e pour documents \u00e0 publier ou imprimer<\/div><\/li>\n<\/ul>\n<\/div>\n\n<div class=\"et_pb_column_6 et_pb_column et_flex_column et_pb_css_mix_blend_mode_passthrough et_flex_column_12_24 et_flex_column_12_24_tablet et_flex_column_24_24_phone\">\n<div class=\"et_pb_icon_3 et_pb_icon et_pb_module et_flex_module\"><span class=\"et_pb_icon_wrap\"><span class=\"et-pb-icon\">\uf07b<\/span><\/span>\n<div class=\"et_pb_heading_3 et_pb_heading et_pb_module et_flex_module\"><div class=\"et_pb_heading_container\"><h3 class=\"et_pb_module_header\">Gestion administrative & organisation<\/h3><\/div><\/div>\n<\/div>\n\n<div class=\"et_pb_image_3 et_pb_image et_pb_module et_flex_module\"><span class=\"et_pb_image_wrap\"><img loading=\"lazy\" decoding=\"async\" src=\"https:\/\/aidotic.fr\/wp-content\/uploads\/2026\/04\/photo_55@17-04-2026_12-23-55.jpg\" title=\"Accompagnement02\" width=\"1280\" height=\"853\" srcset=\"https:\/\/aidotic.fr\/wp-content\/uploads\/2026\/04\/photo_55@17-04-2026_12-23-55.jpg 1280w, https:\/\/aidotic.fr\/wp-content\/uploads\/2026\/04\/photo_55@17-04-2026_12-23-55-980x653.jpg 980w, https:\/\/aidotic.fr\/wp-content\/uploads\/2026\/04\/photo_55@17-04-2026_12-23-55-480x320.jpg 480w\" sizes=\"(min-width: 0px) and (max-width: 480px) 480px, (min-width: 481px) and (max-width: 980px) 980px, (min-width: 981px) 1280px, 100vw\" class=\"wp-image-559\" \/><\/span>\n<ul class=\"et_pb_icon_list_3 et_pb_icon_list et_pb_module et_flex_module\">\n<li class=\"et_pb_icon_list_item_16 et_pb_icon_list_item et_pb_module et_flex_module\"><span class=\"et-pb-icon\">9<\/span><div class=\"et_pb_icon_list_text\">Tri et traitement de documents<\/div><\/li>\n\n<li class=\"et_pb_icon_list_item_17 et_pb_icon_list_item et_pb_module et_flex_module\"><span class=\"et-pb-icon\">9<\/span><div class=\"et_pb_icon_list_text\">Classement num\u00e9rique<\/div><\/li>\n\n<li class=\"et_pb_icon_list_item_18 et_pb_icon_list_item et_pb_module et_flex_module\"><span class=\"et-pb-icon\">9<\/span><div class=\"et_pb_icon_list_text\">R\u00e9organisation compl\u00e8te d\u2019un administratif \u201cen d\u00e9sordre\u201d<\/div><\/li>\n\n<li class=\"et_pb_icon_list_item_19 et_pb_icon_list_item et_pb_module et_flex_module\"><span class=\"et-pb-icon\">9<\/span><div class=\"et_pb_icon_list_text\">Pr\u00e9paration de dossiers clients ou fournisseurs<\/div><\/li>\n\n<li class=\"et_pb_icon_list_item_20 et_pb_icon_list_item et_pb_module et_flex_module\"><span class=\"et-pb-icon\">9<\/span><div class=\"et_pb_icon_list_text\">Relances administratives simples<\/div><\/li>\n\n<li class=\"et_pb_icon_list_item_21 et_pb_icon_list_item et_pb_module et_flex_module\"><span class=\"et-pb-icon\">9<\/span><div class=\"et_pb_icon_list_text\">Suivi de t\u00e2ches et \u00e9ch\u00e9ances<\/div><\/li>\n<\/ul>\n<\/div>\n<\/div>\n\n<div class=\"et_pb_column_7 et_pb_column et-last-child et_flex_column et_pb_css_mix_blend_mode_passthrough et_flex_column_12_24 et_flex_column_12_24_tablet et_flex_column_24_24_phone\">\n<div class=\"et_pb_icon_4 et_pb_icon et_pb_module et_flex_module\"><span class=\"et_pb_icon_wrap\"><span class=\"et-pb-icon\">\ue0e6<\/span><\/span>\n<div class=\"et_pb_heading_4 et_pb_heading et_pb_module et_grid_module\"><div class=\"et_pb_heading_container\"><h3 class=\"et_pb_module_header\">Tableaux & donn\u00e9es<\/h3><\/div><\/div>\n\n<div class=\"et_pb_image_4 et_pb_image et_pb_module et_flex_module\"><span class=\"et_pb_image_wrap\"><img loading=\"lazy\" decoding=\"async\" src=\"https:\/\/aidotic.fr\/wp-content\/uploads\/2026\/04\/photo_50@17-04-2026_12-23-55.jpg\" title=\"Accompagnement03\" width=\"1280\" height=\"853\" srcset=\"https:\/\/aidotic.fr\/wp-content\/uploads\/2026\/04\/photo_50@17-04-2026_12-23-55.jpg 1280w, https:\/\/aidotic.fr\/wp-content\/uploads\/2026\/04\/photo_50@17-04-2026_12-23-55-980x653.jpg 980w, https:\/\/aidotic.fr\/wp-content\/uploads\/2026\/04\/photo_50@17-04-2026_12-23-55-480x320.jpg 480w\" sizes=\"(min-width: 0px) and (max-width: 480px) 480px, (min-width: 481px) and (max-width: 980px) 980px, (min-width: 981px) 1280px, 100vw\" class=\"wp-image-554\" \/><\/span><\/div>\n\n<ul class=\"et_pb_icon_list_4 et_pb_icon_list et_pb_module et_flex_module\">\n<li class=\"et_pb_icon_list_item_22 et_pb_icon_list_item et_pb_module et_flex_module\"><span class=\"et-pb-icon\">9<\/span><div class=\"et_pb_icon_list_text\">Cr\u00e9ation de tableaux Excel<\/div><\/li>\n\n<li class=\"et_pb_icon_list_item_23 et_pb_icon_list_item et_pb_module et_flex_module\"><span class=\"et-pb-icon\">9<\/span><div class=\"et_pb_icon_list_text\">Tableaux automatis\u00e9s (conditions, couleurs, formules de base)<\/div><\/li>\n\n<li class=\"et_pb_icon_list_item_24 et_pb_icon_list_item et_pb_module et_flex_module\"><span class=\"et-pb-icon\">9<\/span><div class=\"et_pb_icon_list_text\">Saisie de donn\u00e9es<\/div><\/li>\n\n<li class=\"et_pb_icon_list_item_25 et_pb_icon_list_item et_pb_module et_flex_module\"><span class=\"et-pb-icon\">9<\/span><div class=\"et_pb_icon_list_text\">Mise en forme professionnelle<\/div><\/li>\n<\/ul>\n<\/div>\n<\/div>\n<\/div>\n<\/div>","protected":false},"excerpt":{"rendered":"","protected":false},"author":1,"featured_media":0,"parent":0,"menu_order":0,"comment_status":"closed","ping_status":"closed","template":"","meta":{"footnotes":""},"class_list":["post-25","page","type-page","status-publish","hentry"],"yoast_head":"<!-- This site is optimized with the Yoast SEO plugin v27.5 - https:\/\/yoast.com\/product\/yoast-seo-wordpress\/ -->\n<title>PRESTATIONS ADMINISTRATIVES &amp; SECR\u00c9TARIAT - Aidotic.fr<\/title>\n<meta name=\"robots\" content=\"index, follow, max-snippet:-1, max-image-preview:large, max-video-preview:-1\" \/>\n<link rel=\"canonical\" href=\"https:\/\/aidotic.fr\/index.php\/prestations-administratives-secretariat\/\" \/>\n<meta property=\"og:locale\" content=\"fr_FR\" \/>\n<meta property=\"og:type\" content=\"article\" \/>\n<meta property=\"og:title\" content=\"PRESTATIONS ADMINISTRATIVES &amp; SECR\u00c9TARIAT - Aidotic.fr\" \/>\n<meta property=\"og:url\" content=\"https:\/\/aidotic.fr\/index.php\/prestations-administratives-secretariat\/\" \/>\n<meta property=\"og:site_name\" content=\"Aidotic.fr\" \/>\n<meta property=\"article:modified_time\" content=\"2026-05-06T11:42:43+00:00\" \/>\n<meta name=\"twitter:card\" content=\"summary_large_image\" \/>\n<script type=\"application\/ld+json\" class=\"yoast-schema-graph\">{\"@context\":\"https:\\\/\\\/schema.org\",\"@graph\":[{\"@type\":\"WebPage\",\"@id\":\"https:\\\/\\\/aidotic.fr\\\/index.php\\\/prestations-administratives-secretariat\\\/\",\"url\":\"https:\\\/\\\/aidotic.fr\\\/index.php\\\/prestations-administratives-secretariat\\\/\",\"name\":\"PRESTATIONS ADMINISTRATIVES & SECR\u00c9TARIAT - Aidotic.fr\",\"isPartOf\":{\"@id\":\"https:\\\/\\\/aidotic.fr\\\/#website\"},\"datePublished\":\"2026-04-12T17:09:07+00:00\",\"dateModified\":\"2026-05-06T11:42:43+00:00\",\"breadcrumb\":{\"@id\":\"https:\\\/\\\/aidotic.fr\\\/index.php\\\/prestations-administratives-secretariat\\\/#breadcrumb\"},\"inLanguage\":\"fr-FR\",\"potentialAction\":[{\"@type\":\"ReadAction\",\"target\":[\"https:\\\/\\\/aidotic.fr\\\/index.php\\\/prestations-administratives-secretariat\\\/\"]}]},{\"@type\":\"BreadcrumbList\",\"@id\":\"https:\\\/\\\/aidotic.fr\\\/index.php\\\/prestations-administratives-secretariat\\\/#breadcrumb\",\"itemListElement\":[{\"@type\":\"ListItem\",\"position\":1,\"name\":\"Home\",\"item\":\"https:\\\/\\\/aidotic.fr\\\/\"},{\"@type\":\"ListItem\",\"position\":2,\"name\":\"PRESTATIONS ADMINISTRATIVES &#038; SECR\u00c9TARIAT\"}]},{\"@type\":\"WebSite\",\"@id\":\"https:\\\/\\\/aidotic.fr\\\/#website\",\"url\":\"https:\\\/\\\/aidotic.fr\\\/\",\"name\":\"Aidotic.fr\",\"description\":\"Votre Assistante ind\u00e9pendante administrative &amp; num\u00e9rique\",\"publisher\":{\"@id\":\"https:\\\/\\\/aidotic.fr\\\/#organization\"},\"potentialAction\":[{\"@type\":\"SearchAction\",\"target\":{\"@type\":\"EntryPoint\",\"urlTemplate\":\"https:\\\/\\\/aidotic.fr\\\/?s={search_term_string}\"},\"query-input\":{\"@type\":\"PropertyValueSpecification\",\"valueRequired\":true,\"valueName\":\"search_term_string\"}}],\"inLanguage\":\"fr-FR\"},{\"@type\":\"Organization\",\"@id\":\"https:\\\/\\\/aidotic.fr\\\/#organization\",\"name\":\"Aidotic.fr\",\"url\":\"https:\\\/\\\/aidotic.fr\\\/\",\"logo\":{\"@type\":\"ImageObject\",\"inLanguage\":\"fr-FR\",\"@id\":\"https:\\\/\\\/aidotic.fr\\\/#\\\/schema\\\/logo\\\/image\\\/\",\"url\":\"https:\\\/\\\/aidotic.fr\\\/wp-content\\\/uploads\\\/2026\\\/04\\\/cropped-logo_AIDOTIC-2.jpg\",\"contentUrl\":\"https:\\\/\\\/aidotic.fr\\\/wp-content\\\/uploads\\\/2026\\\/04\\\/cropped-logo_AIDOTIC-2.jpg\",\"width\":512,\"height\":512,\"caption\":\"Aidotic.fr\"},\"image\":{\"@id\":\"https:\\\/\\\/aidotic.fr\\\/#\\\/schema\\\/logo\\\/image\\\/\"}}]}<\/script>\n<!-- \/ Yoast SEO plugin. -->","yoast_head_json":{"title":"PRESTATIONS ADMINISTRATIVES & SECR\u00c9TARIAT - Aidotic.fr","robots":{"index":"index","follow":"follow","max-snippet":"max-snippet:-1","max-image-preview":"max-image-preview:large","max-video-preview":"max-video-preview:-1"},"canonical":"https:\/\/aidotic.fr\/index.php\/prestations-administratives-secretariat\/","og_locale":"fr_FR","og_type":"article","og_title":"PRESTATIONS ADMINISTRATIVES & SECR\u00c9TARIAT - Aidotic.fr","og_url":"https:\/\/aidotic.fr\/index.php\/prestations-administratives-secretariat\/","og_site_name":"Aidotic.fr","article_modified_time":"2026-05-06T11:42:43+00:00","twitter_card":"summary_large_image","schema":{"@context":"https:\/\/schema.org","@graph":[{"@type":"WebPage","@id":"https:\/\/aidotic.fr\/index.php\/prestations-administratives-secretariat\/","url":"https:\/\/aidotic.fr\/index.php\/prestations-administratives-secretariat\/","name":"PRESTATIONS ADMINISTRATIVES & SECR\u00c9TARIAT - Aidotic.fr","isPartOf":{"@id":"https:\/\/aidotic.fr\/#website"},"datePublished":"2026-04-12T17:09:07+00:00","dateModified":"2026-05-06T11:42:43+00:00","breadcrumb":{"@id":"https:\/\/aidotic.fr\/index.php\/prestations-administratives-secretariat\/#breadcrumb"},"inLanguage":"fr-FR","potentialAction":[{"@type":"ReadAction","target":["https:\/\/aidotic.fr\/index.php\/prestations-administratives-secretariat\/"]}]},{"@type":"BreadcrumbList","@id":"https:\/\/aidotic.fr\/index.php\/prestations-administratives-secretariat\/#breadcrumb","itemListElement":[{"@type":"ListItem","position":1,"name":"Home","item":"https:\/\/aidotic.fr\/"},{"@type":"ListItem","position":2,"name":"PRESTATIONS ADMINISTRATIVES &#038; SECR\u00c9TARIAT"}]},{"@type":"WebSite","@id":"https:\/\/aidotic.fr\/#website","url":"https:\/\/aidotic.fr\/","name":"Aidotic.fr","description":"Votre Assistante ind\u00e9pendante administrative &amp; num\u00e9rique","publisher":{"@id":"https:\/\/aidotic.fr\/#organization"},"potentialAction":[{"@type":"SearchAction","target":{"@type":"EntryPoint","urlTemplate":"https:\/\/aidotic.fr\/?s={search_term_string}"},"query-input":{"@type":"PropertyValueSpecification","valueRequired":true,"valueName":"search_term_string"}}],"inLanguage":"fr-FR"},{"@type":"Organization","@id":"https:\/\/aidotic.fr\/#organization","name":"Aidotic.fr","url":"https:\/\/aidotic.fr\/","logo":{"@type":"ImageObject","inLanguage":"fr-FR","@id":"https:\/\/aidotic.fr\/#\/schema\/logo\/image\/","url":"https:\/\/aidotic.fr\/wp-content\/uploads\/2026\/04\/cropped-logo_AIDOTIC-2.jpg","contentUrl":"https:\/\/aidotic.fr\/wp-content\/uploads\/2026\/04\/cropped-logo_AIDOTIC-2.jpg","width":512,"height":512,"caption":"Aidotic.fr"},"image":{"@id":"https:\/\/aidotic.fr\/#\/schema\/logo\/image\/"}}]}},"_links":{"self":[{"href":"https:\/\/aidotic.fr\/index.php\/wp-json\/wp\/v2\/pages\/25","targetHints":{"allow":["GET"]}}],"collection":[{"href":"https:\/\/aidotic.fr\/index.php\/wp-json\/wp\/v2\/pages"}],"about":[{"href":"https:\/\/aidotic.fr\/index.php\/wp-json\/wp\/v2\/types\/page"}],"author":[{"embeddable":true,"href":"https:\/\/aidotic.fr\/index.php\/wp-json\/wp\/v2\/users\/1"}],"replies":[{"embeddable":true,"href":"https:\/\/aidotic.fr\/index.php\/wp-json\/wp\/v2\/comments?post=25"}],"version-history":[{"count":35,"href":"https:\/\/aidotic.fr\/index.php\/wp-json\/wp\/v2\/pages\/25\/revisions"}],"predecessor-version":[{"id":1099,"href":"https:\/\/aidotic.fr\/index.php\/wp-json\/wp\/v2\/pages\/25\/revisions\/1099"}],"wp:attachment":[{"href":"https:\/\/aidotic.fr\/index.php\/wp-json\/wp\/v2\/media?parent=25"}],"curies":[{"name":"wp","href":"https:\/\/api.w.org\/{rel}","templated":true}]}}