{"id":14,"date":"2026-04-10T17:59:11","date_gmt":"2026-04-10T15:59:11","guid":{"rendered":"https:\/\/aidotic.fr\/?page_id=14"},"modified":"2026-05-06T16:58:30","modified_gmt":"2026-05-06T14:58:30","slug":"page-daccueil","status":"publish","type":"page","link":"https:\/\/aidotic.fr\/","title":{"rendered":"Page d&rsquo;accueil"},"content":{"rendered":"<div class=\"et_pb_section_0 et_pb_section et_section_regular et_block_section et_animated\">\n<div class=\"et_pb_row_0 et_pb_row et_pb_equal_columns et_pb_gutters1 et_block_row et_animated et_pb_row_fullwidth\">\n<div class=\"et_pb_column_0 et_pb_column et_pb_column_1_2 et_block_column et_pb_css_mix_blend_mode_passthrough\">\n<div class=\"et_pb_text_0 et_pb_text et_pb_bg_layout_light et_animated et_pb_module et_block_module\"><div class=\"et_pb_text_inner\"><\/div><\/div>\n\n<div class=\"et_pb_text_1 et_pb_text et_pb_bg_layout_light et_animated et_pb_module et_block_module\"><div class=\"et_pb_text_inner\"><h1>AID'O TIC<\/h1>\n<h2>Assistance ind\u00e9pendante<br \/>\n& num\u00e9rique <\/h2>\n<\/div><\/div>\n\n<div class=\"et_pb_text_2 et_pb_text et_pb_bg_layout_light et_animated et_pb_module et_block_module\"><div class=\"et_pb_text_inner\"><p><strong>AID\u2019O TIC, votre alli\u00e9 administratif et num\u00e9rique au quotidien<\/strong><\/p>\n<p>AID\u2019O TIC accompagne artisans, ind\u00e9pendants, associations, collectivit\u00e9s et particuliers dans la gestion de leurs d\u00e9marches administratives, num\u00e9riques et documentaires.<\/p>\n<p>Notre mission : simplifier vos obligations, s\u00e9curiser vos \u00e9changes et vous faire gagner du temps, durablement.<\/p>\n<p>Parce qu\u2019aujourd\u2019hui, l\u2019administratif ne se limite plus aux papiers : il est devenu <strong>num\u00e9rique, technique et parfois complexe.<\/strong><\/p>\n<\/div><\/div>\n\n<div class=\"et_pb_module et_pb_button_module_wrapper et_pb_button_0_wrapper\"><a class=\"et_pb_button_0 et_pb_button et_pb_bg_layout_light et_animated et_pb_module et_block_module\" href=\"https:\/\/aidotic.fr\/index.php\/a-propos-2\/\" data-icon=\"E\">En savoir plus<\/a><\/div>\n<\/div>\n\n<div class=\"et_pb_column_1 et_pb_column et_pb_column_1_2 et-last-child et_block_column et_pb_column_empty et_pb_css_mix_blend_mode_passthrough\"><\/div>\n<\/div>\n<\/div>\n\n<div class=\"et_pb_section_1 et_pb_section et_section_regular et_block_section\">\n<div class=\"et_pb_row_1 et_pb_row et_block_row\">\n<div class=\"et_pb_column_2 et_pb_column et_pb_column_4_4 et-last-child et_block_column et_pb_css_mix_blend_mode_passthrough\">\n<div class=\"et_pb_text_3 et_pb_text et_pb_bg_layout_light et_animated et_pb_module et_block_module et_pb_text_align_center\"><div class=\"et_pb_text_inner\"><h1>Une assistance administrative claire, fiable et adapt\u00e9e \u00e0 votre r\u00e9alit\u00e9<\/h1>\n<\/div><\/div>\n\n<div class=\"et_pb_text_4 et_pb_text et_pb_bg_layout_light et_animated et_pb_module et_block_module et_pb_text_align_center\"><div class=\"et_pb_text_inner\"><p>Nous intervenons notamment pour :<\/p>\n<\/div><\/div>\n<\/div>\n<\/div>\n\n<div class=\"et_pb_row_2 et_pb_row et_flex_row\">\n<div class=\"et_pb_column_3 et_pb_column et_block_column et_pb_css_mix_blend_mode_passthrough et_flex_column_1_5 et_flex_column_12_24_tablet et_flex_column_24_24_phone\">\n<div class=\"et_pb_blurb_0 et_pb_blurb et_pb_bg_layout_light et_pb_text_align_center et_pb_blurb_position_top et_animated et_pb_module et_grid_module\"><div class=\"et_pb_blurb_content et_grid_module\"><div class=\"et_pb_main_blurb_image\"><span class=\"et_pb_image_wrap\"><span class=\"et-pb-icon et_animated et_animated\">i<\/span><\/span><\/div><div class=\"et_pb_blurb_container\"><div class=\"et_pb_blurb_description\"><p style=\"text-align: center;\"><strong>Gestion administrative <\/strong><strong>&amp; secr\u00e9tariat \u00e0 distance<\/strong><\/p>\n<\/div><\/div><\/div><\/div>\n<\/div>\n\n<div class=\"et_pb_column_4 et_pb_column et_block_column et_pb_css_mix_blend_mode_passthrough et_flex_column_1_5 et_flex_column_12_24_tablet et_flex_column_24_24_phone\">\n<div class=\"et_pb_blurb_1 et_pb_blurb et_pb_bg_layout_light et_pb_text_align_center et_pb_blurb_position_top et_animated et_pb_module et_grid_module\"><div class=\"et_pb_blurb_content et_grid_module\"><div class=\"et_pb_main_blurb_image\"><span class=\"et_pb_image_wrap\"><span class=\"et-pb-icon et_animated et_animated\">l<\/span><\/span><\/div><div class=\"et_pb_blurb_container\"><div class=\"et_pb_blurb_description\"><p style=\"text-align: center;\"><strong>R\u00e9daction <br \/>Correction <br \/>Mise en page professionnelle<\/strong><\/p>\n<\/div><\/div><\/div><\/div>\n<\/div>\n\n<div class=\"et_pb_column_5 et_pb_column et_block_column et_pb_css_mix_blend_mode_passthrough et_flex_column_1_5 et_flex_column_12_24_tablet et_flex_column_24_24_phone\">\n<div class=\"et_pb_blurb_2 et_pb_blurb et_pb_bg_layout_light et_pb_text_align_center et_pb_blurb_position_top et_animated et_pb_module et_grid_module\"><div class=\"et_pb_blurb_content et_grid_module\"><div class=\"et_pb_main_blurb_image\"><span class=\"et_pb_image_wrap\"><span class=\"et-pb-icon et_animated et_animated\">n<\/span><\/span><\/div><div class=\"et_pb_blurb_container\"><div class=\"et_pb_blurb_description\"><p style=\"text-align: center;\"><strong>Organisation<br \/> Classement<br \/>Pr\u00e9paration de dossiers<\/strong><\/p>\n<\/div><\/div><\/div><\/div>\n<\/div>\n\n<div class=\"et_pb_column_6 et_pb_column et_flex_column et_pb_css_mix_blend_mode_passthrough et_flex_column_1_5 et_flex_column_12_24_tablet et_flex_column_24_24_phone\">\n<div class=\"et_pb_blurb_3 et_pb_blurb et_pb_bg_layout_light et_pb_text_align_center et_pb_blurb_position_top et_animated et_pb_module et_grid_module\"><div class=\"et_pb_blurb_content et_grid_module\"><div class=\"et_pb_main_blurb_image\"><span class=\"et_pb_image_wrap\"><span class=\"et-pb-icon et_animated et_animated\">\ue00e<\/span><\/span><\/div><div class=\"et_pb_blurb_container\"><div class=\"et_pb_blurb_description\"><p style=\"text-align: center;\"><strong>Aide num\u00e9rique & s\u00e9curit\u00e9 <br \/>(Gmail, Facebook, smartphone)<br \/>\n<\/strong><\/p>\n<\/div><\/div><\/div><\/div>\n<\/div>\n\n<div class=\"et_pb_column_7 et_pb_column et-last-child et_flex_column et_pb_css_mix_blend_mode_passthrough et_flex_column_1_5 et_flex_column_12_24_tablet et_flex_column_24_24_phone\">\n<div class=\"et_pb_blurb_4 et_pb_blurb et_pb_bg_layout_light et_pb_text_align_center et_pb_blurb_position_top et_animated et_pb_module et_grid_module\"><div class=\"et_pb_blurb_content et_grid_module\"><div class=\"et_pb_main_blurb_image\"><span class=\"et_pb_image_wrap\"><span class=\"et-pb-icon et_animated et_animated\" data-et-mv-hidden-phone=\"true\">\uf1fc<\/span><\/span><\/div><div class=\"et_pb_blurb_container\"><div class=\"et_pb_blurb_description\"><p style=\"text-align: center;\"><strong>Cr\u00e9ation de supports visuels simples <br \/> (logos, cartes, flyers)<br \/>\n<\/strong><\/p>\n<\/div><\/div><\/div><\/div>\n<\/div>\n<\/div>\n<\/div>\n\n<div class=\"et_pb_section_2 et_pb_section et_section_regular et_block_section\">\n<div class=\"et_pb_row_3 et_pb_row et_block_row\">\n<div class=\"et_pb_column_8 et_pb_column et_pb_column_4_4 et-last-child et_block_column et_pb_css_mix_blend_mode_passthrough\">\n<div class=\"et_pb_text_5 et_pb_text et_pb_bg_layout_light et_animated et_pb_module et_block_module et_pb_text_align_center\"><div class=\"et_pb_text_inner\"><h1>Nous accompagnons :<\/h1>\n<\/div><\/div>\n\n<div class=\"et_pb_text_6 et_pb_text et_pb_bg_layout_light et_animated et_pb_module et_block_module et_pb_text_align_center\">\n<div class=\"et_pb_text_7 et_pb_text et_pb_bg_layout_light et_pb_module et_flex_module\"><div class=\"et_pb_text_inner\"><p>\"Parce que personne ne devrait se sentir d\u00e9muni face aux outils num\u00e9riques ou aux dossiers administratifs, je vous \u00e9paule avec la m\u00eame rigueur\"<\/p>\n<\/div><\/div>\n<\/div>\n<\/div>\n<\/div>\n\n<div class=\"et_pb_row_4 et_pb_row et_flex_row\">\n<div class=\"et_pb_column_9 et_pb_column et_block_column et_pb_css_mix_blend_mode_passthrough et_flex_column_8_24 et_flex_column_8_24_tablet et_flex_column_24_24_phone\">\n<div class=\"et_pb_image_0 et_pb_image et_pb_has_overlay et_animated et_pb_module et_block_module\"><a href=\"https:\/\/aidotic.fr\/index.php\/tarifs\/\"><span class=\"et_pb_image_wrap\"><img loading=\"lazy\" decoding=\"async\" src=\"https:\/\/aidotic.fr\/wp-content\/uploads\/2026\/04\/tg_image_170332871.jpg\" alt=\"Artisan\" title=\"Artisan\" width=\"860\" height=\"861\" srcset=\"https:\/\/aidotic.fr\/wp-content\/uploads\/2026\/04\/tg_image_170332871.jpg 860w, https:\/\/aidotic.fr\/wp-content\/uploads\/2026\/04\/tg_image_170332871-480x481.jpg 480w\" sizes=\"(min-width: 0px) and (max-width: 480px) 480px, (min-width: 481px) 860px, 100vw\" class=\"wp-image-347\" \/><span class=\"et_overlay et_pb_inline_icon\" data-icon=\"\uf007\"><\/span><\/span><\/a><\/div>\n\n<div class=\"et_pb_text_8 et_pb_text et_pb_bg_layout_light et_pb_module et_flex_module\"><div class=\"et_pb_text_inner\"><p>Vous excellez sur le terrain, nous excellons dans vos dossiers : Aid'o tic, le partenaire administratif qui lib\u00e8re vos chantiers.<\/p>\n<\/div><\/div>\n\n<div class=\"et_pb_text_9 et_pb_text et_pb_bg_layout_light et_pb_module et_flex_module\"><div class=\"et_pb_text_inner\"><p><BR><\/p>\n<h3>Artisans<\/h3>\n<\/div><\/div>\n<\/div>\n\n<div class=\"et_pb_column_10 et_pb_column et_block_column et_pb_css_mix_blend_mode_passthrough et_flex_column_8_24 et_flex_column_8_24_tablet et_flex_column_24_24_phone\">\n<div class=\"et_pb_image_1 et_pb_image et_pb_has_overlay et_animated et_pb_module et_block_module\"><a href=\"https:\/\/aidotic.fr\/index.php\/tarifs\/\"><span class=\"et_pb_image_wrap\"><img loading=\"lazy\" decoding=\"async\" src=\"https:\/\/aidotic.fr\/wp-content\/uploads\/2026\/04\/Commercant-1-scaled.jpg\" title=\"Commer\u00e7ant\" width=\"2560\" height=\"2560\" srcset=\"https:\/\/aidotic.fr\/wp-content\/uploads\/2026\/04\/Commercant-1-scaled.jpg 2560w, https:\/\/aidotic.fr\/wp-content\/uploads\/2026\/04\/Commercant-1-1280x1280.jpg 1280w, https:\/\/aidotic.fr\/wp-content\/uploads\/2026\/04\/Commercant-1-980x980.jpg 980w, https:\/\/aidotic.fr\/wp-content\/uploads\/2026\/04\/Commercant-1-480x480.jpg 480w\" sizes=\"(min-width: 0px) and (max-width: 480px) 480px, (min-width: 481px) and (max-width: 980px) 980px, (min-width: 981px) and (max-width: 1280px) 1280px, (min-width: 1281px) 2560px, 100vw\" class=\"wp-image-113\" \/><span class=\"et_overlay et_pb_inline_icon\" data-icon=\"\uf007\"><\/span><\/span><\/a><\/div>\n\n<div class=\"et_pb_text_10 et_pb_text et_pb_bg_layout_light et_pb_module et_flex_module\"><div class=\"et_pb_text_inner\"><p><BR><\/p>\n<h3>Commer\u00e7ants<\/h3>\n<\/div><\/div>\n<\/div>\n\n<div class=\"et_pb_column_11 et_pb_column et-last-child et_block_column et_pb_css_mix_blend_mode_passthrough et_flex_column_8_24 et_flex_column_8_24_tablet et_flex_column_24_24_phone\">\n<div class=\"et_pb_image_2 et_pb_image et_pb_has_overlay et_animated et_pb_module et_block_module\"><a href=\"https:\/\/aidotic.fr\/index.php\/tarifs\/\"><span class=\"et_pb_image_wrap\"><img loading=\"lazy\" decoding=\"async\" src=\"https:\/\/aidotic.fr\/wp-content\/uploads\/2026\/04\/tg_image_43846439.jpg\" alt=\"Mairie\" title=\"Mairie\" width=\"1254\" height=\"1254\" srcset=\"https:\/\/aidotic.fr\/wp-content\/uploads\/2026\/04\/tg_image_43846439.jpg 1254w, https:\/\/aidotic.fr\/wp-content\/uploads\/2026\/04\/tg_image_43846439-980x980.jpg 980w, https:\/\/aidotic.fr\/wp-content\/uploads\/2026\/04\/tg_image_43846439-480x480.jpg 480w\" sizes=\"(min-width: 0px) and (max-width: 480px) 480px, (min-width: 481px) and (max-width: 980px) 980px, (min-width: 981px) 1254px, 100vw\" class=\"wp-image-530\" \/><span class=\"et_overlay et_pb_inline_icon\" data-icon=\"\uf007\"><\/span><\/span><\/a><\/div>\n\n<div class=\"et_pb_text_11 et_pb_text et_pb_bg_layout_light et_pb_module et_flex_module\"><div class=\"et_pb_text_inner\"><p><BR><\/p>\n<h3>Administrations publiques<\/h3>\n<\/div><\/div>\n<\/div>\n<\/div>\n\n<div class=\"et_pb_row_5 et_pb_row et-vb-row--no-module et_flex_row\">\n<div class=\"et_pb_column_12 et_pb_column et-last-child et_flex_column et_pb_column_empty et_pb_css_mix_blend_mode_passthrough et_flex_column_24_24 et_flex_column_24_24_tablet et_flex_column_24_24_phone\"><\/div>\n<\/div>\n\n<div class=\"et_pb_row_6 et_pb_row et_flex_row\">\n<div class=\"et_pb_column_13 et_pb_column et_block_column et_pb_css_mix_blend_mode_passthrough et_flex_column_8_24 et_flex_column_8_24_tablet et_flex_column_24_24_phone\">\n<div class=\"et_pb_image_3 et_pb_image et_pb_has_overlay et_animated et_pb_module et_block_module\"><a href=\"https:\/\/aidotic.fr\/index.php\/tarifs\/\"><span class=\"et_pb_image_wrap\"><img loading=\"lazy\" decoding=\"async\" src=\"https:\/\/aidotic.fr\/wp-content\/uploads\/2026\/04\/Independant-scaled.jpg\" title=\"Ind\u00e9pendant\" width=\"2560\" height=\"2560\" srcset=\"https:\/\/aidotic.fr\/wp-content\/uploads\/2026\/04\/Independant-scaled.jpg 2560w, https:\/\/aidotic.fr\/wp-content\/uploads\/2026\/04\/Independant-1280x1280.jpg 1280w, https:\/\/aidotic.fr\/wp-content\/uploads\/2026\/04\/Independant-980x980.jpg 980w, https:\/\/aidotic.fr\/wp-content\/uploads\/2026\/04\/Independant-480x480.jpg 480w\" sizes=\"(min-width: 0px) and (max-width: 480px) 480px, (min-width: 481px) and (max-width: 980px) 980px, (min-width: 981px) and (max-width: 1280px) 1280px, (min-width: 1281px) 2560px, 100vw\" class=\"wp-image-115\" \/><span class=\"et_overlay et_pb_inline_icon\" data-icon=\"\uf007\"><\/span><\/span><\/a><\/div>\n\n<div class=\"et_pb_text_12 et_pb_text et_pb_bg_layout_light et_pb_module et_flex_module\"><div class=\"et_pb_text_inner\"><p><BR><\/p>\n<h3>Ind\u00e9pendants<\/h3>\n<\/div><\/div>\n<\/div>\n\n<div class=\"et_pb_column_14 et_pb_column et_block_column et_pb_css_mix_blend_mode_passthrough et_flex_column_8_24 et_flex_column_8_24_tablet et_flex_column_24_24_phone\">\n<div class=\"et_pb_image_4 et_pb_image et_pb_has_overlay et_animated et_pb_module et_block_module\"><a href=\"https:\/\/aidotic.fr\/index.php\/tarifs\/\"><span class=\"et_pb_image_wrap\"><img loading=\"lazy\" decoding=\"async\" src=\"https:\/\/aidotic.fr\/wp-content\/uploads\/2026\/04\/Association02.jpg\" title=\"Association02\" width=\"1024\" height=\"1024\" srcset=\"https:\/\/aidotic.fr\/wp-content\/uploads\/2026\/04\/Association02.jpg 1024w, https:\/\/aidotic.fr\/wp-content\/uploads\/2026\/04\/Association02-980x980.jpg 980w, https:\/\/aidotic.fr\/wp-content\/uploads\/2026\/04\/Association02-480x480.jpg 480w\" sizes=\"(min-width: 0px) and (max-width: 480px) 480px, (min-width: 481px) and (max-width: 980px) 980px, (min-width: 981px) 1024px, 100vw\" class=\"wp-image-348\" \/><span class=\"et_overlay et_pb_inline_icon\" data-icon=\"\uf007\"><\/span><\/span><\/a><\/div>\n\n<div class=\"et_pb_text_13 et_pb_text et_pb_bg_layout_light et_pb_module et_flex_module\"><div class=\"et_pb_text_inner\"><p><BR><\/p>\n<h3>Associations<\/h3>\n<\/div><\/div>\n<\/div>\n\n<div class=\"et_pb_column_15 et_pb_column et-last-child et_block_column et_pb_css_mix_blend_mode_passthrough et_flex_column_8_24 et_flex_column_8_24_tablet et_flex_column_24_24_phone\">\n<div class=\"et_pb_image_5 et_pb_image et_pb_has_overlay et_animated et_pb_module et_block_module\"><a href=\"https:\/\/aidotic.fr\/index.php\/tarifs\/\"><span class=\"et_pb_image_wrap\"><img loading=\"lazy\" decoding=\"async\" src=\"https:\/\/aidotic.fr\/wp-content\/uploads\/2026\/04\/Particulier2.jpg\" title=\"Particulier2\" width=\"346\" height=\"346\" srcset=\"https:\/\/aidotic.fr\/wp-content\/uploads\/2026\/04\/Particulier2.jpg 346w, https:\/\/aidotic.fr\/wp-content\/uploads\/2026\/04\/Particulier2-300x300.jpg 300w, https:\/\/aidotic.fr\/wp-content\/uploads\/2026\/04\/Particulier2-150x150.jpg 150w\" sizes=\"(max-width: 346px) 100vw, 346px\" class=\"wp-image-850\" \/><span class=\"et_overlay et_pb_inline_icon\" data-icon=\"\uf007\"><\/span><\/span><\/a><\/div>\n\n<div class=\"et_pb_text_14 et_pb_text et_pb_bg_layout_light et_pb_module et_flex_module\"><div class=\"et_pb_text_inner\"><p><BR><\/p>\n<h3>Particuliers<\/h3>\n<\/div><\/div>\n<\/div>\n<\/div>\n\n<div class=\"et_pb_row_7 et_pb_row et_block_row\">\n<div class=\"et_pb_column_16 et_pb_column et_pb_column_4_4 et-last-child et_block_column et_pb_css_mix_blend_mode_passthrough\">\n<div class=\"et_pb_module et_pb_button_module_wrapper et_pb_button_1_wrapper\"><a class=\"et_pb_button_1 et_pb_button et_pb_bg_layout_light et_animated et_pb_module et_block_module\" href=\"https:\/\/aidotic.fr\/index.php\/a-propos-2\/\" data-icon=\"E\">Nous d\u00e9couvrir<\/a><\/div>\n<\/div>\n<\/div>\n<\/div>\n\n<div class=\"et_pb_section_3 et_pb_section et_section_regular et_flex_section\"><\/div>\n\n<div class=\"et_pb_section_4 et_pb_section et_section_regular et_flex_section\">\n<div class=\"et_pb_row_8 et_pb_row et_flex_row\">\n<div class=\"et_pb_column_17 et_pb_column et-last-child et_flex_column et_pb_css_mix_blend_mode_passthrough et_flex_column_24_24 et_flex_column_24_24_tablet et_flex_column_24_24_phone\">\n<div class=\"et_pb_image_6 et_pb_image et_pb_module et_flex_module\"><span class=\"et_pb_image_wrap\"><img loading=\"lazy\" decoding=\"async\" src=\"https:\/\/aidotic.fr\/wp-content\/uploads\/2026\/04\/bandeau-aidotic.fr_.jpg\" title=\"bandeau-aidotic.fr\" width=\"1280\" height=\"426\" srcset=\"https:\/\/aidotic.fr\/wp-content\/uploads\/2026\/04\/bandeau-aidotic.fr_.jpg 1280w, https:\/\/aidotic.fr\/wp-content\/uploads\/2026\/04\/bandeau-aidotic.fr_-980x326.jpg 980w, https:\/\/aidotic.fr\/wp-content\/uploads\/2026\/04\/bandeau-aidotic.fr_-480x160.jpg 480w\" sizes=\"(min-width: 0px) and (max-width: 480px) 480px, (min-width: 481px) and (max-width: 980px) 980px, (min-width: 981px) 1280px, 100vw\" class=\"wp-image-902\" \/><\/span><\/div>\n<\/div>\n<\/div>\n<\/div>\n\n<div class=\"et_pb_section_5 et_pb_section et_section_regular et_flex_section\"><\/div>\n\n<div class=\"et_pb_section_6 et_pb_section et_section_regular et_flex_section\">\n<div class=\"et_pb_row_9 et_pb_row et_grid_row\">\n<div class=\"et_pb_column_18 et_pb_column et-last-child et_flex_column et_pb_css_mix_blend_mode_passthrough\">\n<div class=\"et_pb_heading_0 et_pb_heading et_pb_module et_flex_module\"><div class=\"et_pb_heading_container\"><h1 class=\"et_pb_module_header\">Mode de Travail<\/h1><\/div><\/div>\n\n<div class=\"et_pb_text_15 et_pb_text et_pb_bg_layout_light et_pb_module et_flex_module\"><div class=\"et_pb_text_inner\"><p>Nous travaillons essentiellement \u00e0 distance (t\u00e9l\u00e9travail).<br \/>\nD\u00e9placements possibles sur demande :  0,60 \u20ac\/km + temps de trajet factur\u00e9 (20 \u20ac\/h)<\/p>\n<\/div>\n<div class=\"et_pb_icon_0 et_pb_icon et_pb_module et_flex_module\"><span class=\"et_pb_icon_wrap\"><span class=\"et-pb-icon\">\uf5e4<\/span><\/span><\/div>\n<\/div>\n<\/div>\n<\/div>\n<\/div>\n\n<div class=\"et_pb_section_7 et_pb_section et_section_regular et_flex_section\">\n<div class=\"et_pb_row_10 et_pb_row et-vb-row--no-module et_flex_row\">\n<div class=\"et_pb_column_19 et_pb_column et-last-child et_flex_column et_pb_column_empty et_pb_css_mix_blend_mode_passthrough et_flex_column_24_24 et_flex_column_24_24_tablet et_flex_column_24_24_phone\"><\/div>\n<\/div>\n<\/div>","protected":false},"excerpt":{"rendered":"","protected":false},"author":1,"featured_media":0,"parent":0,"menu_order":0,"comment_status":"closed","ping_status":"closed","template":"","meta":{"footnotes":""},"class_list":["post-14","page","type-page","status-publish","hentry"],"yoast_head":"<!-- This site is optimized with the Yoast SEO plugin v27.5 - https:\/\/yoast.com\/product\/yoast-seo-wordpress\/ -->\n<title>Page d&#039;accueil - Aidotic.fr<\/title>\n<meta name=\"robots\" content=\"index, follow, max-snippet:-1, max-image-preview:large, max-video-preview:-1\" \/>\n<link rel=\"canonical\" href=\"https:\/\/aidotic.fr\/\" \/>\n<meta property=\"og:locale\" content=\"fr_FR\" \/>\n<meta property=\"og:type\" content=\"article\" \/>\n<meta property=\"og:title\" content=\"AID&#039;O TIC\" \/>\n<meta property=\"og:description\" content=\"Accompagnement Administratif et num\u00e9rique\" \/>\n<meta property=\"og:url\" content=\"https:\/\/aidotic.fr\/\" \/>\n<meta property=\"og:site_name\" content=\"Aidotic.fr\" \/>\n<meta property=\"article:modified_time\" content=\"2026-05-06T14:58:30+00:00\" \/>\n<meta property=\"og:image\" content=\"https:\/\/aidotic.fr\/wp-content\/uploads\/2026\/04\/cropped-Logo-AIDO-TIC@2x.png\" \/>\n\t<meta property=\"og:image:width\" content=\"512\" \/>\n\t<meta property=\"og:image:height\" content=\"512\" \/>\n\t<meta property=\"og:image:type\" content=\"image\/png\" \/>\n<meta name=\"twitter:card\" content=\"summary_large_image\" \/>\n<script type=\"application\/ld+json\" class=\"yoast-schema-graph\">{\"@context\":\"https:\\\/\\\/schema.org\",\"@graph\":[{\"@type\":\"WebPage\",\"@id\":\"https:\\\/\\\/aidotic.fr\\\/\",\"url\":\"https:\\\/\\\/aidotic.fr\\\/\",\"name\":\"Page d'accueil - Aidotic.fr\",\"isPartOf\":{\"@id\":\"https:\\\/\\\/aidotic.fr\\\/#website\"},\"datePublished\":\"2026-04-10T15:59:11+00:00\",\"dateModified\":\"2026-05-06T14:58:30+00:00\",\"breadcrumb\":{\"@id\":\"https:\\\/\\\/aidotic.fr\\\/#breadcrumb\"},\"inLanguage\":\"fr-FR\",\"potentialAction\":[{\"@type\":\"ReadAction\",\"target\":[\"https:\\\/\\\/aidotic.fr\\\/\"]}]},{\"@type\":\"BreadcrumbList\",\"@id\":\"https:\\\/\\\/aidotic.fr\\\/#breadcrumb\",\"itemListElement\":[{\"@type\":\"ListItem\",\"position\":1,\"name\":\"Home\",\"item\":\"https:\\\/\\\/aidotic.fr\\\/\"},{\"@type\":\"ListItem\",\"position\":2,\"name\":\"Page d&rsquo;accueil\"}]},{\"@type\":\"WebSite\",\"@id\":\"https:\\\/\\\/aidotic.fr\\\/#website\",\"url\":\"https:\\\/\\\/aidotic.fr\\\/\",\"name\":\"Aidotic.fr\",\"description\":\"Votre Assistante ind\u00e9pendante administrative &amp; num\u00e9rique\",\"publisher\":{\"@id\":\"https:\\\/\\\/aidotic.fr\\\/#organization\"},\"potentialAction\":[{\"@type\":\"SearchAction\",\"target\":{\"@type\":\"EntryPoint\",\"urlTemplate\":\"https:\\\/\\\/aidotic.fr\\\/?s={search_term_string}\"},\"query-input\":{\"@type\":\"PropertyValueSpecification\",\"valueRequired\":true,\"valueName\":\"search_term_string\"}}],\"inLanguage\":\"fr-FR\"},{\"@type\":\"Organization\",\"@id\":\"https:\\\/\\\/aidotic.fr\\\/#organization\",\"name\":\"Aidotic.fr\",\"url\":\"https:\\\/\\\/aidotic.fr\\\/\",\"logo\":{\"@type\":\"ImageObject\",\"inLanguage\":\"fr-FR\",\"@id\":\"https:\\\/\\\/aidotic.fr\\\/#\\\/schema\\\/logo\\\/image\\\/\",\"url\":\"https:\\\/\\\/aidotic.fr\\\/wp-content\\\/uploads\\\/2026\\\/04\\\/cropped-logo_AIDOTIC-2.jpg\",\"contentUrl\":\"https:\\\/\\\/aidotic.fr\\\/wp-content\\\/uploads\\\/2026\\\/04\\\/cropped-logo_AIDOTIC-2.jpg\",\"width\":512,\"height\":512,\"caption\":\"Aidotic.fr\"},\"image\":{\"@id\":\"https:\\\/\\\/aidotic.fr\\\/#\\\/schema\\\/logo\\\/image\\\/\"}}]}<\/script>\n<!-- \/ Yoast SEO plugin. -->","yoast_head_json":{"title":"Page d'accueil - Aidotic.fr","robots":{"index":"index","follow":"follow","max-snippet":"max-snippet:-1","max-image-preview":"max-image-preview:large","max-video-preview":"max-video-preview:-1"},"canonical":"https:\/\/aidotic.fr\/","og_locale":"fr_FR","og_type":"article","og_title":"AID'O TIC","og_description":"Accompagnement Administratif et num\u00e9rique","og_url":"https:\/\/aidotic.fr\/","og_site_name":"Aidotic.fr","article_modified_time":"2026-05-06T14:58:30+00:00","og_image":[{"width":512,"height":512,"url":"https:\/\/aidotic.fr\/wp-content\/uploads\/2026\/04\/cropped-Logo-AIDO-TIC@2x.png","type":"image\/png"}],"twitter_card":"summary_large_image","schema":{"@context":"https:\/\/schema.org","@graph":[{"@type":"WebPage","@id":"https:\/\/aidotic.fr\/","url":"https:\/\/aidotic.fr\/","name":"Page d'accueil - Aidotic.fr","isPartOf":{"@id":"https:\/\/aidotic.fr\/#website"},"datePublished":"2026-04-10T15:59:11+00:00","dateModified":"2026-05-06T14:58:30+00:00","breadcrumb":{"@id":"https:\/\/aidotic.fr\/#breadcrumb"},"inLanguage":"fr-FR","potentialAction":[{"@type":"ReadAction","target":["https:\/\/aidotic.fr\/"]}]},{"@type":"BreadcrumbList","@id":"https:\/\/aidotic.fr\/#breadcrumb","itemListElement":[{"@type":"ListItem","position":1,"name":"Home","item":"https:\/\/aidotic.fr\/"},{"@type":"ListItem","position":2,"name":"Page d&rsquo;accueil"}]},{"@type":"WebSite","@id":"https:\/\/aidotic.fr\/#website","url":"https:\/\/aidotic.fr\/","name":"Aidotic.fr","description":"Votre Assistante ind\u00e9pendante administrative &amp; num\u00e9rique","publisher":{"@id":"https:\/\/aidotic.fr\/#organization"},"potentialAction":[{"@type":"SearchAction","target":{"@type":"EntryPoint","urlTemplate":"https:\/\/aidotic.fr\/?s={search_term_string}"},"query-input":{"@type":"PropertyValueSpecification","valueRequired":true,"valueName":"search_term_string"}}],"inLanguage":"fr-FR"},{"@type":"Organization","@id":"https:\/\/aidotic.fr\/#organization","name":"Aidotic.fr","url":"https:\/\/aidotic.fr\/","logo":{"@type":"ImageObject","inLanguage":"fr-FR","@id":"https:\/\/aidotic.fr\/#\/schema\/logo\/image\/","url":"https:\/\/aidotic.fr\/wp-content\/uploads\/2026\/04\/cropped-logo_AIDOTIC-2.jpg","contentUrl":"https:\/\/aidotic.fr\/wp-content\/uploads\/2026\/04\/cropped-logo_AIDOTIC-2.jpg","width":512,"height":512,"caption":"Aidotic.fr"},"image":{"@id":"https:\/\/aidotic.fr\/#\/schema\/logo\/image\/"}}]}},"_links":{"self":[{"href":"https:\/\/aidotic.fr\/index.php\/wp-json\/wp\/v2\/pages\/14","targetHints":{"allow":["GET"]}}],"collection":[{"href":"https:\/\/aidotic.fr\/index.php\/wp-json\/wp\/v2\/pages"}],"about":[{"href":"https:\/\/aidotic.fr\/index.php\/wp-json\/wp\/v2\/types\/page"}],"author":[{"embeddable":true,"href":"https:\/\/aidotic.fr\/index.php\/wp-json\/wp\/v2\/users\/1"}],"replies":[{"embeddable":true,"href":"https:\/\/aidotic.fr\/index.php\/wp-json\/wp\/v2\/comments?post=14"}],"version-history":[{"count":69,"href":"https:\/\/aidotic.fr\/index.php\/wp-json\/wp\/v2\/pages\/14\/revisions"}],"predecessor-version":[{"id":1094,"href":"https:\/\/aidotic.fr\/index.php\/wp-json\/wp\/v2\/pages\/14\/revisions\/1094"}],"wp:attachment":[{"href":"https:\/\/aidotic.fr\/index.php\/wp-json\/wp\/v2\/media?parent=14"}],"curies":[{"name":"wp","href":"https:\/\/api.w.org\/{rel}","templated":true}]}}